{"id":206,"date":"2024-12-03T19:46:56","date_gmt":"2024-12-03T19:46:56","guid":{"rendered":"https:\/\/www.suopa.fi\/?page_id=206"},"modified":"2025-01-20T18:44:58","modified_gmt":"2025-01-20T18:44:58","slug":"yrityssiivous","status":"publish","type":"page","link":"https:\/\/www.suopa.fi\/index.php\/yrityssiivous\/","title":{"rendered":"Yrityssiivous"},"content":{"rendered":"\t\t<div data-elementor-type=\"wp-page\" data-elementor-id=\"206\" class=\"elementor elementor-206\" data-elementor-post-type=\"page\">\n\t\t\t\t<div class=\"elementor-element elementor-element-32b2d8bf e-flex e-con-boxed e-con e-parent\" data-id=\"32b2d8bf\" data-element_type=\"container\" data-e-type=\"container\">\n\t\t\t\t\t<div class=\"e-con-inner\">\n\t\t\t\t<div class=\"elementor-element elementor-element-6c2e3e69 elementor-widget elementor-widget-heading\" data-id=\"6c2e3e69\" data-element_type=\"widget\" data-e-type=\"widget\" data-widget_type=\"heading.default\">\n\t\t\t\t<div class=\"elementor-widget-container\">\n\t\t\t\t\t<h2 class=\"elementor-heading-title elementor-size-default\">yrityssiivous<\/h2>\t\t\t\t<\/div>\n\t\t\t\t<\/div>\n\t\t\t\t\t<\/div>\n\t\t\t\t<\/div>\n\t\t<div class=\"elementor-element elementor-element-3f33855c e-flex e-con-boxed e-con e-parent\" data-id=\"3f33855c\" data-element_type=\"container\" data-e-type=\"container\">\n\t\t\t\t\t<div class=\"e-con-inner\">\n\t\t<div class=\"elementor-element elementor-element-36e7c16 e-con-full e-flex e-con e-child\" data-id=\"36e7c16\" data-element_type=\"container\" data-e-type=\"container\">\n\t\t<div class=\"elementor-element elementor-element-ac636e9 e-con-full e-flex e-con e-child\" data-id=\"ac636e9\" data-element_type=\"container\" data-e-type=\"container\">\n\t\t<div class=\"elementor-element elementor-element-339c58ac e-con-full e-flex e-con e-child\" data-id=\"339c58ac\" data-element_type=\"container\" data-e-type=\"container\">\n\t\t<div class=\"elementor-element elementor-element-46d89182 e-con-full e-flex e-con e-child\" data-id=\"46d89182\" data-element_type=\"container\" data-e-type=\"container\">\n\t\t\t\t<div class=\"elementor-element elementor-element-49b831a elementor-widget elementor-widget-heading\" data-id=\"49b831a\" data-element_type=\"widget\" data-e-type=\"widget\" data-widget_type=\"heading.default\">\n\t\t\t\t<div class=\"elementor-widget-container\">\n\t\t\t\t\t<h3 class=\"elementor-heading-title elementor-size-default\">Hinta<br><\/h3>\t\t\t\t<\/div>\n\t\t\t\t<\/div>\n\t\t\t\t<div class=\"elementor-element elementor-element-c947824 elementor-widget elementor-widget-text-editor\" data-id=\"c947824\" data-element_type=\"widget\" data-e-type=\"widget\" data-widget_type=\"text-editor.default\">\n\t\t\t\t<div class=\"elementor-widget-container\">\n\t\t\t\t\t\t\t\t\t<p>36\u20ac\/h + alv 25,5%<br \/><br \/><\/p>\t\t\t\t\t\t\t\t<\/div>\n\t\t\t\t<\/div>\n\t\t\t\t<\/div>\n\t\t\t\t<\/div>\n\t\t\t\t<\/div>\n\t\t\t\t<\/div>\n\t\t<div class=\"elementor-element elementor-element-111f517c e-con-full e-flex e-con e-child\" data-id=\"111f517c\" data-element_type=\"container\" data-e-type=\"container\">\n\t\t<div class=\"elementor-element elementor-element-46ff7153 e-con-full e-flex e-con e-child\" data-id=\"46ff7153\" data-element_type=\"container\" data-e-type=\"container\">\n\t\t<div class=\"elementor-element elementor-element-34a3fba0 e-con-full e-flex e-con e-child\" data-id=\"34a3fba0\" data-element_type=\"container\" data-e-type=\"container\">\n\t\t<div class=\"elementor-element elementor-element-1fda62b3 e-con-full e-flex e-con e-child\" data-id=\"1fda62b3\" data-element_type=\"container\" data-e-type=\"container\">\n\t\t\t\t<div class=\"elementor-element elementor-element-22ec9682 elementor-widget elementor-widget-text-editor\" data-id=\"22ec9682\" data-element_type=\"widget\" data-e-type=\"widget\" data-widget_type=\"text-editor.default\">\n\t\t\t\t<div class=\"elementor-widget-container\">\n\t\t\t\t\t\t\t\t\t<p>Tarjoamme yrityksille laadukkaita kertaluonteisia ja s\u00e4\u00e4nn\u00f6llisi\u00e4 toimisto- ja liiketilasiivouksia. Siistit toimitilat luovat viihtyisyytt\u00e4 niin ty\u00f6ntekij\u00f6ille, kuin asiakkaillekin. Palvelun sis\u00e4lt\u00f6 sovitaan yhdess\u00e4 asiakkaan kanssa toimitilojen k\u00e4ytt\u00f6tarkoitus huomioiden.<\/p><p>Toimitilasiivoukseen sis\u00e4ltyy tavallisesti:<\/p><ul><li>pintojen ja tasojen pyyhint\u00e4<\/li><li>mattojen imurointi<\/li><li>lattioiden imurointi ja pyyhint\u00e4<\/li><li>wc- tilojen pesu<\/li><li>roskakorien tyhjennys<\/li><\/ul>\t\t\t\t\t\t\t\t<\/div>\n\t\t\t\t<\/div>\n\t\t\t\t<\/div>\n\t\t\t\t<\/div>\n\t\t\t\t<\/div>\n\t\t\t\t<\/div>\n\t\t\t\t\t<\/div>\n\t\t\t\t<\/div>\n\t\t<div class=\"elementor-element elementor-element-248fdc6 e-flex e-con-boxed e-con e-parent\" data-id=\"248fdc6\" data-element_type=\"container\" data-e-type=\"container\">\n\t\t\t\t\t<div class=\"e-con-inner\">\n\t\t\t\t\t<\/div>\n\t\t\t\t<\/div>\n\t\t<div class=\"elementor-element elementor-element-e20b4a4 e-flex e-con-boxed e-con e-parent\" data-id=\"e20b4a4\" data-element_type=\"container\" data-e-type=\"container\">\n\t\t\t\t\t<div class=\"e-con-inner\">\n\t\t\t\t<div class=\"elementor-element elementor-element-13a4f65e elementor-widget elementor-widget-spacer\" data-id=\"13a4f65e\" data-element_type=\"widget\" data-e-type=\"widget\" data-widget_type=\"spacer.default\">\n\t\t\t\t<div class=\"elementor-widget-container\">\n\t\t\t\t\t\t\t<div class=\"elementor-spacer\">\n\t\t\t<div class=\"elementor-spacer-inner\"><\/div>\n\t\t<\/div>\n\t\t\t\t\t\t<\/div>\n\t\t\t\t<\/div>\n\t\t\t\t\t<\/div>\n\t\t\t\t<\/div>\n\t\t\t\t<\/div>\n\t\t","protected":false},"excerpt":{"rendered":"<p>yrityssiivous Hinta 36\u20ac\/h + alv 25,5% Tarjoamme yrityksille laadukkaita kertaluonteisia ja s\u00e4\u00e4nn\u00f6llisi\u00e4 toimisto- ja liiketilasiivouksia. Siistit toimitilat luovat viihtyisyytt\u00e4 niin ty\u00f6ntekij\u00f6ille, kuin asiakkaillekin. Palvelun sis\u00e4lt\u00f6 sovitaan yhdess\u00e4 asiakkaan kanssa toimitilojen k\u00e4ytt\u00f6tarkoitus huomioiden. Toimitilasiivoukseen sis\u00e4ltyy tavallisesti: pintojen ja tasojen pyyhint\u00e4 mattojen imurointi lattioiden imurointi ja pyyhint\u00e4 wc- tilojen pesu roskakorien tyhjennys<\/p>\n","protected":false},"author":1,"featured_media":0,"parent":0,"menu_order":0,"comment_status":"closed","ping_status":"closed","template":"","meta":{"footnotes":""},"class_list":["post-206","page","type-page","status-publish","hentry"],"yoast_head":"<!-- This site is optimized with the Yoast SEO plugin v27.2 - https:\/\/yoast.com\/product\/yoast-seo-wordpress\/ -->\n<title>Yrityssiivous - Siivous Jyv\u00e4skyl\u00e4<\/title>\n<meta name=\"robots\" content=\"index, follow, max-snippet:-1, max-image-preview:large, max-video-preview:-1\" \/>\n<link rel=\"canonical\" href=\"https:\/\/www.suopa.fi\/index.php\/yrityssiivous\/\" \/>\n<meta property=\"og:locale\" content=\"fi_FI\" \/>\n<meta property=\"og:type\" content=\"article\" \/>\n<meta property=\"og:title\" content=\"Yrityssiivous - Siivous Jyv\u00e4skyl\u00e4\" \/>\n<meta property=\"og:description\" content=\"yrityssiivous Hinta 36\u20ac\/h + alv 25,5% Tarjoamme yrityksille laadukkaita kertaluonteisia ja s\u00e4\u00e4nn\u00f6llisi\u00e4 toimisto- ja liiketilasiivouksia. Siistit toimitilat luovat viihtyisyytt\u00e4 niin ty\u00f6ntekij\u00f6ille, kuin asiakkaillekin. Palvelun sis\u00e4lt\u00f6 sovitaan yhdess\u00e4 asiakkaan kanssa toimitilojen k\u00e4ytt\u00f6tarkoitus huomioiden. Toimitilasiivoukseen sis\u00e4ltyy tavallisesti: pintojen ja tasojen pyyhint\u00e4 mattojen imurointi lattioiden imurointi ja pyyhint\u00e4 wc- tilojen pesu roskakorien tyhjennys\" \/>\n<meta property=\"og:url\" content=\"https:\/\/www.suopa.fi\/index.php\/yrityssiivous\/\" \/>\n<meta property=\"og:site_name\" content=\"Siivous Jyv\u00e4skyl\u00e4\" \/>\n<meta property=\"article:modified_time\" content=\"2025-01-20T18:44:58+00:00\" \/>\n<meta name=\"twitter:card\" content=\"summary_large_image\" \/>\n<meta name=\"twitter:label1\" content=\"Arvioitu lukuaika\" \/>\n\t<meta name=\"twitter:data1\" content=\"1 minuutti\" \/>\n<script type=\"application\/ld+json\" class=\"yoast-schema-graph\">{\"@context\":\"https:\/\/schema.org\",\"@graph\":[{\"@type\":\"WebPage\",\"@id\":\"https:\/\/www.suopa.fi\/index.php\/yrityssiivous\/\",\"url\":\"https:\/\/www.suopa.fi\/index.php\/yrityssiivous\/\",\"name\":\"Yrityssiivous - Siivous Jyv\u00e4skyl\u00e4\",\"isPartOf\":{\"@id\":\"https:\/\/www.suopa.fi\/#website\"},\"datePublished\":\"2024-12-03T19:46:56+00:00\",\"dateModified\":\"2025-01-20T18:44:58+00:00\",\"breadcrumb\":{\"@id\":\"https:\/\/www.suopa.fi\/index.php\/yrityssiivous\/#breadcrumb\"},\"inLanguage\":\"fi\",\"potentialAction\":[{\"@type\":\"ReadAction\",\"target\":[\"https:\/\/www.suopa.fi\/index.php\/yrityssiivous\/\"]}]},{\"@type\":\"BreadcrumbList\",\"@id\":\"https:\/\/www.suopa.fi\/index.php\/yrityssiivous\/#breadcrumb\",\"itemListElement\":[{\"@type\":\"ListItem\",\"position\":1,\"name\":\"Etusivu\",\"item\":\"https:\/\/www.suopa.fi\/\"},{\"@type\":\"ListItem\",\"position\":2,\"name\":\"Yrityssiivous\"}]},{\"@type\":\"WebSite\",\"@id\":\"https:\/\/www.suopa.fi\/#website\",\"url\":\"https:\/\/www.suopa.fi\/\",\"name\":\"Siivous Jyv\u00e4skyl\u00e4\",\"description\":\"Se hyv\u00e4nsuopa siivouspalvelu\",\"publisher\":{\"@id\":\"https:\/\/www.suopa.fi\/#organization\"},\"potentialAction\":[{\"@type\":\"SearchAction\",\"target\":{\"@type\":\"EntryPoint\",\"urlTemplate\":\"https:\/\/www.suopa.fi\/?s={search_term_string}\"},\"query-input\":{\"@type\":\"PropertyValueSpecification\",\"valueRequired\":true,\"valueName\":\"search_term_string\"}}],\"inLanguage\":\"fi\"},{\"@type\":\"Organization\",\"@id\":\"https:\/\/www.suopa.fi\/#organization\",\"name\":\"Siivous Jyv\u00e4skyl\u00e4\",\"url\":\"https:\/\/www.suopa.fi\/\",\"logo\":{\"@type\":\"ImageObject\",\"inLanguage\":\"fi\",\"@id\":\"https:\/\/www.suopa.fi\/#\/schema\/logo\/image\/\",\"url\":\"https:\/\/www.suopa.fi\/wp-content\/uploads\/2024\/12\/suopa-oy-1000-x-500-px1-e1733258444571.png\",\"contentUrl\":\"https:\/\/www.suopa.fi\/wp-content\/uploads\/2024\/12\/suopa-oy-1000-x-500-px1-e1733258444571.png\",\"width\":227,\"height\":131,\"caption\":\"Siivous Jyv\u00e4skyl\u00e4\"},\"image\":{\"@id\":\"https:\/\/www.suopa.fi\/#\/schema\/logo\/image\/\"}}]}<\/script>\n<!-- \/ Yoast SEO plugin. -->","yoast_head_json":{"title":"Yrityssiivous - Siivous Jyv\u00e4skyl\u00e4","robots":{"index":"index","follow":"follow","max-snippet":"max-snippet:-1","max-image-preview":"max-image-preview:large","max-video-preview":"max-video-preview:-1"},"canonical":"https:\/\/www.suopa.fi\/index.php\/yrityssiivous\/","og_locale":"fi_FI","og_type":"article","og_title":"Yrityssiivous - Siivous Jyv\u00e4skyl\u00e4","og_description":"yrityssiivous Hinta 36\u20ac\/h + alv 25,5% Tarjoamme yrityksille laadukkaita kertaluonteisia ja s\u00e4\u00e4nn\u00f6llisi\u00e4 toimisto- ja liiketilasiivouksia. Siistit toimitilat luovat viihtyisyytt\u00e4 niin ty\u00f6ntekij\u00f6ille, kuin asiakkaillekin. Palvelun sis\u00e4lt\u00f6 sovitaan yhdess\u00e4 asiakkaan kanssa toimitilojen k\u00e4ytt\u00f6tarkoitus huomioiden. Toimitilasiivoukseen sis\u00e4ltyy tavallisesti: pintojen ja tasojen pyyhint\u00e4 mattojen imurointi lattioiden imurointi ja pyyhint\u00e4 wc- tilojen pesu roskakorien tyhjennys","og_url":"https:\/\/www.suopa.fi\/index.php\/yrityssiivous\/","og_site_name":"Siivous Jyv\u00e4skyl\u00e4","article_modified_time":"2025-01-20T18:44:58+00:00","twitter_card":"summary_large_image","twitter_misc":{"Arvioitu lukuaika":"1 minuutti"},"schema":{"@context":"https:\/\/schema.org","@graph":[{"@type":"WebPage","@id":"https:\/\/www.suopa.fi\/index.php\/yrityssiivous\/","url":"https:\/\/www.suopa.fi\/index.php\/yrityssiivous\/","name":"Yrityssiivous - Siivous Jyv\u00e4skyl\u00e4","isPartOf":{"@id":"https:\/\/www.suopa.fi\/#website"},"datePublished":"2024-12-03T19:46:56+00:00","dateModified":"2025-01-20T18:44:58+00:00","breadcrumb":{"@id":"https:\/\/www.suopa.fi\/index.php\/yrityssiivous\/#breadcrumb"},"inLanguage":"fi","potentialAction":[{"@type":"ReadAction","target":["https:\/\/www.suopa.fi\/index.php\/yrityssiivous\/"]}]},{"@type":"BreadcrumbList","@id":"https:\/\/www.suopa.fi\/index.php\/yrityssiivous\/#breadcrumb","itemListElement":[{"@type":"ListItem","position":1,"name":"Etusivu","item":"https:\/\/www.suopa.fi\/"},{"@type":"ListItem","position":2,"name":"Yrityssiivous"}]},{"@type":"WebSite","@id":"https:\/\/www.suopa.fi\/#website","url":"https:\/\/www.suopa.fi\/","name":"Siivous Jyv\u00e4skyl\u00e4","description":"Se hyv\u00e4nsuopa siivouspalvelu","publisher":{"@id":"https:\/\/www.suopa.fi\/#organization"},"potentialAction":[{"@type":"SearchAction","target":{"@type":"EntryPoint","urlTemplate":"https:\/\/www.suopa.fi\/?s={search_term_string}"},"query-input":{"@type":"PropertyValueSpecification","valueRequired":true,"valueName":"search_term_string"}}],"inLanguage":"fi"},{"@type":"Organization","@id":"https:\/\/www.suopa.fi\/#organization","name":"Siivous Jyv\u00e4skyl\u00e4","url":"https:\/\/www.suopa.fi\/","logo":{"@type":"ImageObject","inLanguage":"fi","@id":"https:\/\/www.suopa.fi\/#\/schema\/logo\/image\/","url":"https:\/\/www.suopa.fi\/wp-content\/uploads\/2024\/12\/suopa-oy-1000-x-500-px1-e1733258444571.png","contentUrl":"https:\/\/www.suopa.fi\/wp-content\/uploads\/2024\/12\/suopa-oy-1000-x-500-px1-e1733258444571.png","width":227,"height":131,"caption":"Siivous Jyv\u00e4skyl\u00e4"},"image":{"@id":"https:\/\/www.suopa.fi\/#\/schema\/logo\/image\/"}}]}},"_links":{"self":[{"href":"https:\/\/www.suopa.fi\/index.php\/wp-json\/wp\/v2\/pages\/206","targetHints":{"allow":["GET"]}}],"collection":[{"href":"https:\/\/www.suopa.fi\/index.php\/wp-json\/wp\/v2\/pages"}],"about":[{"href":"https:\/\/www.suopa.fi\/index.php\/wp-json\/wp\/v2\/types\/page"}],"author":[{"embeddable":true,"href":"https:\/\/www.suopa.fi\/index.php\/wp-json\/wp\/v2\/users\/1"}],"replies":[{"embeddable":true,"href":"https:\/\/www.suopa.fi\/index.php\/wp-json\/wp\/v2\/comments?post=206"}],"version-history":[{"count":28,"href":"https:\/\/www.suopa.fi\/index.php\/wp-json\/wp\/v2\/pages\/206\/revisions"}],"predecessor-version":[{"id":648,"href":"https:\/\/www.suopa.fi\/index.php\/wp-json\/wp\/v2\/pages\/206\/revisions\/648"}],"wp:attachment":[{"href":"https:\/\/www.suopa.fi\/index.php\/wp-json\/wp\/v2\/media?parent=206"}],"curies":[{"name":"wp","href":"https:\/\/api.w.org\/{rel}","templated":true}]}}