{"id":223,"date":"2024-12-03T20:01:51","date_gmt":"2024-12-03T20:01:51","guid":{"rendered":"https:\/\/www.suopa.fi\/?page_id=223"},"modified":"2025-06-15T19:53:25","modified_gmt":"2025-06-15T19:53:25","slug":"ikkunanpesu","status":"publish","type":"page","link":"https:\/\/www.suopa.fi\/index.php\/ikkunanpesu\/","title":{"rendered":"Ikkunanpesu"},"content":{"rendered":"\t\t<div data-elementor-type=\"wp-page\" data-elementor-id=\"223\" class=\"elementor elementor-223\" data-elementor-post-type=\"page\">\n\t\t\t\t<div class=\"elementor-element elementor-element-4d97b5ee e-flex e-con-boxed e-con e-parent\" data-id=\"4d97b5ee\" data-element_type=\"container\" data-e-type=\"container\">\n\t\t\t\t\t<div class=\"e-con-inner\">\n\t\t\t\t<div class=\"elementor-element elementor-element-486cb156 elementor-widget elementor-widget-heading\" data-id=\"486cb156\" data-element_type=\"widget\" data-e-type=\"widget\" data-widget_type=\"heading.default\">\n\t\t\t\t<div class=\"elementor-widget-container\">\n\t\t\t\t\t<h2 class=\"elementor-heading-title elementor-size-default\">Ikkunanpesu<\/h2>\t\t\t\t<\/div>\n\t\t\t\t<\/div>\n\t\t\t\t\t<\/div>\n\t\t\t\t<\/div>\n\t\t<div class=\"elementor-element elementor-element-24ab1434 e-flex e-con-boxed e-con e-parent\" data-id=\"24ab1434\" data-element_type=\"container\" data-e-type=\"container\">\n\t\t\t\t\t<div class=\"e-con-inner\">\n\t\t<div class=\"elementor-element elementor-element-fd241bd e-con-full e-flex e-con e-child\" data-id=\"fd241bd\" data-element_type=\"container\" data-e-type=\"container\">\n\t\t<div class=\"elementor-element elementor-element-4e7a28bd e-con-full e-flex e-con e-child\" data-id=\"4e7a28bd\" data-element_type=\"container\" data-e-type=\"container\">\n\t\t<div class=\"elementor-element elementor-element-20c8323a e-con-full e-flex e-con e-child\" data-id=\"20c8323a\" data-element_type=\"container\" data-e-type=\"container\">\n\t\t<div class=\"elementor-element elementor-element-8e725a2 e-con-full e-flex e-con e-child\" data-id=\"8e725a2\" data-element_type=\"container\" data-e-type=\"container\">\n\t\t\t\t<div class=\"elementor-element elementor-element-c40cf24 elementor-widget elementor-widget-heading\" data-id=\"c40cf24\" data-element_type=\"widget\" data-e-type=\"widget\" data-widget_type=\"heading.default\">\n\t\t\t\t<div class=\"elementor-widget-container\">\n\t\t\t\t\t<h3 class=\"elementor-heading-title elementor-size-default\">Hinta<br><\/h3>\t\t\t\t<\/div>\n\t\t\t\t<\/div>\n\t\t\t\t<div class=\"elementor-element elementor-element-6ed1eb7a elementor-widget elementor-widget-text-editor\" data-id=\"6ed1eb7a\" data-element_type=\"widget\" data-e-type=\"widget\" data-widget_type=\"text-editor.default\">\n\t\t\t\t<div class=\"elementor-widget-container\">\n\t\t\t\t\t\t\t\t\t<p>48\u20ac\/h* (sis. alv)<\/p><div><p>*Kotitalousv\u00e4hennyksen j\u00e4lkeen 31,20\u20ac\/h<\/p><\/div>\t\t\t\t\t\t\t\t<\/div>\n\t\t\t\t<\/div>\n\t\t\t\t<\/div>\n\t\t\t\t<\/div>\n\t\t\t\t<\/div>\n\t\t\t\t<\/div>\n\t\t<div class=\"elementor-element elementor-element-6174a59a e-con-full e-flex e-con e-child\" data-id=\"6174a59a\" data-element_type=\"container\" data-e-type=\"container\">\n\t\t<div class=\"elementor-element elementor-element-73c391ff e-con-full e-flex e-con e-child\" data-id=\"73c391ff\" data-element_type=\"container\" data-e-type=\"container\">\n\t\t<div class=\"elementor-element elementor-element-37f527 e-con-full e-flex e-con e-child\" data-id=\"37f527\" data-element_type=\"container\" data-e-type=\"container\">\n\t\t<div class=\"elementor-element elementor-element-18f8991f e-con-full e-flex e-con e-child\" data-id=\"18f8991f\" data-element_type=\"container\" data-e-type=\"container\">\n\t\t\t\t<div class=\"elementor-element elementor-element-4463425a elementor-widget elementor-widget-text-editor\" data-id=\"4463425a\" data-element_type=\"widget\" data-e-type=\"widget\" data-widget_type=\"text-editor.default\">\n\t\t\t\t<div class=\"elementor-widget-container\">\n\t\t\t\t\t\t\t\t\t<p>Tilaamalla meilt\u00e4 ikkunanpesun saat paitsi siistit ikkunat my\u00f6s helpotusta arkeesi ja aikaa itsellesi. Puhdas lasipinta p\u00e4\u00e4st\u00e4\u00e4 luonnonvalon paremmin sis\u00e4\u00e4n, mik\u00e4 tekee kodista viihtyis\u00e4mm\u00e4n ja valoisamman.\u00a0<\/p><p><br \/>Ikkunan pesuun sis\u00e4ltyy:<\/p><ul><li>Kaikkien ikkunoiden lasipinnat pyyhit\u00e4\u00e4n<\/li><li aria-level=\"1\">S\u00e4lekaihtimet kuivapyyhit\u00e4\u00e4n<\/li><li aria-level=\"1\">Ikkunoiden karmit ja mahdollinen ikkunapelti pyyhit\u00e4\u00e4n<\/li><li aria-level=\"1\">Lattia suojataan ikkunoiden pesun ajaksi<\/li><li aria-level=\"1\">Parveke- ja terassilasit pest\u00e4\u00e4n sovittaessa<\/li><\/ul><p>\u00a0<\/p><p><br \/><br \/><\/p>\t\t\t\t\t\t\t\t<\/div>\n\t\t\t\t<\/div>\n\t\t\t\t<\/div>\n\t\t\t\t<\/div>\n\t\t\t\t<\/div>\n\t\t\t\t<\/div>\n\t\t\t\t\t<\/div>\n\t\t\t\t<\/div>\n\t\t<div class=\"elementor-element elementor-element-5fe027e6 e-flex e-con-boxed e-con e-parent\" data-id=\"5fe027e6\" data-element_type=\"container\" data-e-type=\"container\">\n\t\t\t\t\t<div class=\"e-con-inner\">\n\t\t\t\t\t<\/div>\n\t\t\t\t<\/div>\n\t\t<div class=\"elementor-element elementor-element-4cb95cf8 e-flex e-con-boxed e-con e-parent\" data-id=\"4cb95cf8\" data-element_type=\"container\" data-e-type=\"container\">\n\t\t\t\t\t<div class=\"e-con-inner\">\n\t\t\t\t<div class=\"elementor-element elementor-element-246d5584 elementor-widget elementor-widget-spacer\" data-id=\"246d5584\" data-element_type=\"widget\" data-e-type=\"widget\" data-widget_type=\"spacer.default\">\n\t\t\t\t<div class=\"elementor-widget-container\">\n\t\t\t\t\t\t\t<div class=\"elementor-spacer\">\n\t\t\t<div class=\"elementor-spacer-inner\"><\/div>\n\t\t<\/div>\n\t\t\t\t\t\t<\/div>\n\t\t\t\t<\/div>\n\t\t\t\t\t<\/div>\n\t\t\t\t<\/div>\n\t\t\t\t<\/div>\n\t\t","protected":false},"excerpt":{"rendered":"<p>Ikkunanpesu Hinta 48\u20ac\/h* (sis. alv) *Kotitalousv\u00e4hennyksen j\u00e4lkeen 31,20\u20ac\/h Tilaamalla meilt\u00e4 ikkunanpesun saat paitsi siistit ikkunat my\u00f6s helpotusta arkeesi ja aikaa itsellesi. Puhdas lasipinta p\u00e4\u00e4st\u00e4\u00e4 luonnonvalon paremmin sis\u00e4\u00e4n, mik\u00e4 tekee kodista viihtyis\u00e4mm\u00e4n ja valoisamman.\u00a0 Ikkunan pesuun sis\u00e4ltyy: Kaikkien ikkunoiden lasipinnat pyyhit\u00e4\u00e4n S\u00e4lekaihtimet kuivapyyhit\u00e4\u00e4n Ikkunoiden karmit ja mahdollinen ikkunapelti pyyhit\u00e4\u00e4n Lattia suojataan ikkunoiden pesun ajaksi Parveke- ja [&hellip;]<\/p>\n","protected":false},"author":1,"featured_media":178,"parent":0,"menu_order":0,"comment_status":"closed","ping_status":"closed","template":"","meta":{"footnotes":""},"class_list":["post-223","page","type-page","status-publish","has-post-thumbnail","hentry"],"yoast_head":"<!-- This site is optimized with the Yoast SEO plugin v27.2 - https:\/\/yoast.com\/product\/yoast-seo-wordpress\/ -->\n<title>Ikkunanpesu - Siivous Jyv\u00e4skyl\u00e4<\/title>\n<meta name=\"robots\" content=\"index, follow, max-snippet:-1, max-image-preview:large, max-video-preview:-1\" \/>\n<link rel=\"canonical\" href=\"https:\/\/www.suopa.fi\/index.php\/ikkunanpesu\/\" \/>\n<meta property=\"og:locale\" content=\"fi_FI\" \/>\n<meta property=\"og:type\" content=\"article\" \/>\n<meta property=\"og:title\" content=\"Ikkunanpesu - Siivous Jyv\u00e4skyl\u00e4\" \/>\n<meta property=\"og:description\" content=\"Ikkunanpesu Hinta 48\u20ac\/h* (sis. alv) *Kotitalousv\u00e4hennyksen j\u00e4lkeen 31,20\u20ac\/h Tilaamalla meilt\u00e4 ikkunanpesun saat paitsi siistit ikkunat my\u00f6s helpotusta arkeesi ja aikaa itsellesi. Puhdas lasipinta p\u00e4\u00e4st\u00e4\u00e4 luonnonvalon paremmin sis\u00e4\u00e4n, mik\u00e4 tekee kodista viihtyis\u00e4mm\u00e4n ja valoisamman.\u00a0 Ikkunan pesuun sis\u00e4ltyy: Kaikkien ikkunoiden lasipinnat pyyhit\u00e4\u00e4n S\u00e4lekaihtimet kuivapyyhit\u00e4\u00e4n Ikkunoiden karmit ja mahdollinen ikkunapelti pyyhit\u00e4\u00e4n Lattia suojataan ikkunoiden pesun ajaksi Parveke- ja [&hellip;]\" \/>\n<meta property=\"og:url\" content=\"https:\/\/www.suopa.fi\/index.php\/ikkunanpesu\/\" \/>\n<meta property=\"og:site_name\" content=\"Siivous Jyv\u00e4skyl\u00e4\" \/>\n<meta property=\"article:modified_time\" content=\"2025-06-15T19:53:25+00:00\" \/>\n<meta property=\"og:image\" content=\"https:\/\/www.suopa.fi\/wp-content\/uploads\/2024\/12\/Rakennussiivous-Canva-banneri2.png\" \/>\n\t<meta property=\"og:image:width\" content=\"1200\" \/>\n\t<meta property=\"og:image:height\" content=\"600\" \/>\n\t<meta property=\"og:image:type\" content=\"image\/png\" \/>\n<meta name=\"twitter:card\" content=\"summary_large_image\" \/>\n<meta name=\"twitter:label1\" content=\"Arvioitu lukuaika\" \/>\n\t<meta name=\"twitter:data1\" content=\"1 minuutti\" \/>\n<script type=\"application\/ld+json\" class=\"yoast-schema-graph\">{\"@context\":\"https:\/\/schema.org\",\"@graph\":[{\"@type\":\"WebPage\",\"@id\":\"https:\/\/www.suopa.fi\/index.php\/ikkunanpesu\/\",\"url\":\"https:\/\/www.suopa.fi\/index.php\/ikkunanpesu\/\",\"name\":\"Ikkunanpesu - Siivous Jyv\u00e4skyl\u00e4\",\"isPartOf\":{\"@id\":\"https:\/\/www.suopa.fi\/#website\"},\"primaryImageOfPage\":{\"@id\":\"https:\/\/www.suopa.fi\/index.php\/ikkunanpesu\/#primaryimage\"},\"image\":{\"@id\":\"https:\/\/www.suopa.fi\/index.php\/ikkunanpesu\/#primaryimage\"},\"thumbnailUrl\":\"https:\/\/www.suopa.fi\/wp-content\/uploads\/2024\/12\/Rakennussiivous-Canva-banneri2.png\",\"datePublished\":\"2024-12-03T20:01:51+00:00\",\"dateModified\":\"2025-06-15T19:53:25+00:00\",\"breadcrumb\":{\"@id\":\"https:\/\/www.suopa.fi\/index.php\/ikkunanpesu\/#breadcrumb\"},\"inLanguage\":\"fi\",\"potentialAction\":[{\"@type\":\"ReadAction\",\"target\":[\"https:\/\/www.suopa.fi\/index.php\/ikkunanpesu\/\"]}]},{\"@type\":\"ImageObject\",\"inLanguage\":\"fi\",\"@id\":\"https:\/\/www.suopa.fi\/index.php\/ikkunanpesu\/#primaryimage\",\"url\":\"https:\/\/www.suopa.fi\/wp-content\/uploads\/2024\/12\/Rakennussiivous-Canva-banneri2.png\",\"contentUrl\":\"https:\/\/www.suopa.fi\/wp-content\/uploads\/2024\/12\/Rakennussiivous-Canva-banneri2.png\",\"width\":1200,\"height\":600},{\"@type\":\"BreadcrumbList\",\"@id\":\"https:\/\/www.suopa.fi\/index.php\/ikkunanpesu\/#breadcrumb\",\"itemListElement\":[{\"@type\":\"ListItem\",\"position\":1,\"name\":\"Etusivu\",\"item\":\"https:\/\/www.suopa.fi\/\"},{\"@type\":\"ListItem\",\"position\":2,\"name\":\"Ikkunanpesu\"}]},{\"@type\":\"WebSite\",\"@id\":\"https:\/\/www.suopa.fi\/#website\",\"url\":\"https:\/\/www.suopa.fi\/\",\"name\":\"Siivous Jyv\u00e4skyl\u00e4\",\"description\":\"Se hyv\u00e4nsuopa siivouspalvelu\",\"publisher\":{\"@id\":\"https:\/\/www.suopa.fi\/#organization\"},\"potentialAction\":[{\"@type\":\"SearchAction\",\"target\":{\"@type\":\"EntryPoint\",\"urlTemplate\":\"https:\/\/www.suopa.fi\/?s={search_term_string}\"},\"query-input\":{\"@type\":\"PropertyValueSpecification\",\"valueRequired\":true,\"valueName\":\"search_term_string\"}}],\"inLanguage\":\"fi\"},{\"@type\":\"Organization\",\"@id\":\"https:\/\/www.suopa.fi\/#organization\",\"name\":\"Siivous Jyv\u00e4skyl\u00e4\",\"url\":\"https:\/\/www.suopa.fi\/\",\"logo\":{\"@type\":\"ImageObject\",\"inLanguage\":\"fi\",\"@id\":\"https:\/\/www.suopa.fi\/#\/schema\/logo\/image\/\",\"url\":\"https:\/\/www.suopa.fi\/wp-content\/uploads\/2024\/12\/suopa-oy-1000-x-500-px1-e1733258444571.png\",\"contentUrl\":\"https:\/\/www.suopa.fi\/wp-content\/uploads\/2024\/12\/suopa-oy-1000-x-500-px1-e1733258444571.png\",\"width\":227,\"height\":131,\"caption\":\"Siivous Jyv\u00e4skyl\u00e4\"},\"image\":{\"@id\":\"https:\/\/www.suopa.fi\/#\/schema\/logo\/image\/\"}}]}<\/script>\n<!-- \/ Yoast SEO plugin. -->","yoast_head_json":{"title":"Ikkunanpesu - Siivous Jyv\u00e4skyl\u00e4","robots":{"index":"index","follow":"follow","max-snippet":"max-snippet:-1","max-image-preview":"max-image-preview:large","max-video-preview":"max-video-preview:-1"},"canonical":"https:\/\/www.suopa.fi\/index.php\/ikkunanpesu\/","og_locale":"fi_FI","og_type":"article","og_title":"Ikkunanpesu - Siivous Jyv\u00e4skyl\u00e4","og_description":"Ikkunanpesu Hinta 48\u20ac\/h* (sis. alv) *Kotitalousv\u00e4hennyksen j\u00e4lkeen 31,20\u20ac\/h Tilaamalla meilt\u00e4 ikkunanpesun saat paitsi siistit ikkunat my\u00f6s helpotusta arkeesi ja aikaa itsellesi. Puhdas lasipinta p\u00e4\u00e4st\u00e4\u00e4 luonnonvalon paremmin sis\u00e4\u00e4n, mik\u00e4 tekee kodista viihtyis\u00e4mm\u00e4n ja valoisamman.\u00a0 Ikkunan pesuun sis\u00e4ltyy: Kaikkien ikkunoiden lasipinnat pyyhit\u00e4\u00e4n S\u00e4lekaihtimet kuivapyyhit\u00e4\u00e4n Ikkunoiden karmit ja mahdollinen ikkunapelti pyyhit\u00e4\u00e4n Lattia suojataan ikkunoiden pesun ajaksi Parveke- ja [&hellip;]","og_url":"https:\/\/www.suopa.fi\/index.php\/ikkunanpesu\/","og_site_name":"Siivous Jyv\u00e4skyl\u00e4","article_modified_time":"2025-06-15T19:53:25+00:00","og_image":[{"width":1200,"height":600,"url":"https:\/\/www.suopa.fi\/wp-content\/uploads\/2024\/12\/Rakennussiivous-Canva-banneri2.png","type":"image\/png"}],"twitter_card":"summary_large_image","twitter_misc":{"Arvioitu lukuaika":"1 minuutti"},"schema":{"@context":"https:\/\/schema.org","@graph":[{"@type":"WebPage","@id":"https:\/\/www.suopa.fi\/index.php\/ikkunanpesu\/","url":"https:\/\/www.suopa.fi\/index.php\/ikkunanpesu\/","name":"Ikkunanpesu - Siivous Jyv\u00e4skyl\u00e4","isPartOf":{"@id":"https:\/\/www.suopa.fi\/#website"},"primaryImageOfPage":{"@id":"https:\/\/www.suopa.fi\/index.php\/ikkunanpesu\/#primaryimage"},"image":{"@id":"https:\/\/www.suopa.fi\/index.php\/ikkunanpesu\/#primaryimage"},"thumbnailUrl":"https:\/\/www.suopa.fi\/wp-content\/uploads\/2024\/12\/Rakennussiivous-Canva-banneri2.png","datePublished":"2024-12-03T20:01:51+00:00","dateModified":"2025-06-15T19:53:25+00:00","breadcrumb":{"@id":"https:\/\/www.suopa.fi\/index.php\/ikkunanpesu\/#breadcrumb"},"inLanguage":"fi","potentialAction":[{"@type":"ReadAction","target":["https:\/\/www.suopa.fi\/index.php\/ikkunanpesu\/"]}]},{"@type":"ImageObject","inLanguage":"fi","@id":"https:\/\/www.suopa.fi\/index.php\/ikkunanpesu\/#primaryimage","url":"https:\/\/www.suopa.fi\/wp-content\/uploads\/2024\/12\/Rakennussiivous-Canva-banneri2.png","contentUrl":"https:\/\/www.suopa.fi\/wp-content\/uploads\/2024\/12\/Rakennussiivous-Canva-banneri2.png","width":1200,"height":600},{"@type":"BreadcrumbList","@id":"https:\/\/www.suopa.fi\/index.php\/ikkunanpesu\/#breadcrumb","itemListElement":[{"@type":"ListItem","position":1,"name":"Etusivu","item":"https:\/\/www.suopa.fi\/"},{"@type":"ListItem","position":2,"name":"Ikkunanpesu"}]},{"@type":"WebSite","@id":"https:\/\/www.suopa.fi\/#website","url":"https:\/\/www.suopa.fi\/","name":"Siivous Jyv\u00e4skyl\u00e4","description":"Se hyv\u00e4nsuopa siivouspalvelu","publisher":{"@id":"https:\/\/www.suopa.fi\/#organization"},"potentialAction":[{"@type":"SearchAction","target":{"@type":"EntryPoint","urlTemplate":"https:\/\/www.suopa.fi\/?s={search_term_string}"},"query-input":{"@type":"PropertyValueSpecification","valueRequired":true,"valueName":"search_term_string"}}],"inLanguage":"fi"},{"@type":"Organization","@id":"https:\/\/www.suopa.fi\/#organization","name":"Siivous Jyv\u00e4skyl\u00e4","url":"https:\/\/www.suopa.fi\/","logo":{"@type":"ImageObject","inLanguage":"fi","@id":"https:\/\/www.suopa.fi\/#\/schema\/logo\/image\/","url":"https:\/\/www.suopa.fi\/wp-content\/uploads\/2024\/12\/suopa-oy-1000-x-500-px1-e1733258444571.png","contentUrl":"https:\/\/www.suopa.fi\/wp-content\/uploads\/2024\/12\/suopa-oy-1000-x-500-px1-e1733258444571.png","width":227,"height":131,"caption":"Siivous Jyv\u00e4skyl\u00e4"},"image":{"@id":"https:\/\/www.suopa.fi\/#\/schema\/logo\/image\/"}}]}},"_links":{"self":[{"href":"https:\/\/www.suopa.fi\/index.php\/wp-json\/wp\/v2\/pages\/223","targetHints":{"allow":["GET"]}}],"collection":[{"href":"https:\/\/www.suopa.fi\/index.php\/wp-json\/wp\/v2\/pages"}],"about":[{"href":"https:\/\/www.suopa.fi\/index.php\/wp-json\/wp\/v2\/types\/page"}],"author":[{"embeddable":true,"href":"https:\/\/www.suopa.fi\/index.php\/wp-json\/wp\/v2\/users\/1"}],"replies":[{"embeddable":true,"href":"https:\/\/www.suopa.fi\/index.php\/wp-json\/wp\/v2\/comments?post=223"}],"version-history":[{"count":40,"href":"https:\/\/www.suopa.fi\/index.php\/wp-json\/wp\/v2\/pages\/223\/revisions"}],"predecessor-version":[{"id":694,"href":"https:\/\/www.suopa.fi\/index.php\/wp-json\/wp\/v2\/pages\/223\/revisions\/694"}],"wp:featuredmedia":[{"embeddable":true,"href":"https:\/\/www.suopa.fi\/index.php\/wp-json\/wp\/v2\/media\/178"}],"wp:attachment":[{"href":"https:\/\/www.suopa.fi\/index.php\/wp-json\/wp\/v2\/media?parent=223"}],"curies":[{"name":"wp","href":"https:\/\/api.w.org\/{rel}","templated":true}]}}