{"id":238,"date":"2024-12-03T20:13:49","date_gmt":"2024-12-03T20:13:49","guid":{"rendered":"https:\/\/www.suopa.fi\/?page_id=238"},"modified":"2025-06-15T19:52:45","modified_gmt":"2025-06-15T19:52:45","slug":"loppusiivous","status":"publish","type":"page","link":"https:\/\/www.suopa.fi\/index.php\/loppusiivous\/","title":{"rendered":"Loppusiivous"},"content":{"rendered":"\t\t<div data-elementor-type=\"wp-page\" data-elementor-id=\"238\" class=\"elementor elementor-238\" data-elementor-post-type=\"page\">\n\t\t\t\t<div class=\"elementor-element elementor-element-79546e1f e-flex e-con-boxed e-con e-parent\" data-id=\"79546e1f\" data-element_type=\"container\" data-e-type=\"container\">\n\t\t\t\t\t<div class=\"e-con-inner\">\n\t\t\t\t<div class=\"elementor-element elementor-element-564495ff elementor-widget elementor-widget-heading\" data-id=\"564495ff\" data-element_type=\"widget\" data-e-type=\"widget\" data-widget_type=\"heading.default\">\n\t\t\t\t<div class=\"elementor-widget-container\">\n\t\t\t\t\t<h2 class=\"elementor-heading-title elementor-size-default\">Muutto- ja loppusiivous<\/h2>\t\t\t\t<\/div>\n\t\t\t\t<\/div>\n\t\t\t\t\t<\/div>\n\t\t\t\t<\/div>\n\t\t<div class=\"elementor-element elementor-element-ecc24de e-flex e-con-boxed e-con e-parent\" data-id=\"ecc24de\" data-element_type=\"container\" data-e-type=\"container\">\n\t\t\t\t\t<div class=\"e-con-inner\">\n\t\t<div class=\"elementor-element elementor-element-5b7159b e-con-full e-flex e-con e-child\" data-id=\"5b7159b\" data-element_type=\"container\" data-e-type=\"container\">\n\t\t<div class=\"elementor-element elementor-element-ffbebc6 e-con-full e-flex e-con e-child\" data-id=\"ffbebc6\" data-element_type=\"container\" data-e-type=\"container\">\n\t\t<div class=\"elementor-element elementor-element-332c276d e-con-full e-flex e-con e-child\" data-id=\"332c276d\" data-element_type=\"container\" data-e-type=\"container\">\n\t\t<div class=\"elementor-element elementor-element-ad699b1 e-con-full e-flex e-con e-child\" data-id=\"ad699b1\" data-element_type=\"container\" data-e-type=\"container\">\n\t\t\t\t<div class=\"elementor-element elementor-element-1ebd41a5 elementor-widget elementor-widget-heading\" data-id=\"1ebd41a5\" data-element_type=\"widget\" data-e-type=\"widget\" data-widget_type=\"heading.default\">\n\t\t\t\t<div class=\"elementor-widget-container\">\n\t\t\t\t\t<h3 class=\"elementor-heading-title elementor-size-default\">Hinta<br><\/h3>\t\t\t\t<\/div>\n\t\t\t\t<\/div>\n\t\t\t\t<div class=\"elementor-element elementor-element-30493508 elementor-widget elementor-widget-text-editor\" data-id=\"30493508\" data-element_type=\"widget\" data-e-type=\"widget\" data-widget_type=\"text-editor.default\">\n\t\t\t\t<div class=\"elementor-widget-container\">\n\t\t\t\t\t\t\t\t\t<p>50e\/h (alv 25,5%)<\/p><p>*Kotitalousv\u00e4hennyksen j\u00e4lkeen 32,50\u20ac<\/p>\t\t\t\t\t\t\t\t<\/div>\n\t\t\t\t<\/div>\n\t\t\t\t<\/div>\n\t\t\t\t<\/div>\n\t\t\t\t<\/div>\n\t\t\t\t<\/div>\n\t\t<div class=\"elementor-element elementor-element-354374c e-con-full e-flex e-con e-child\" data-id=\"354374c\" data-element_type=\"container\" data-e-type=\"container\">\n\t\t<div class=\"elementor-element elementor-element-10eb8e32 e-con-full e-flex e-con e-child\" data-id=\"10eb8e32\" data-element_type=\"container\" data-e-type=\"container\">\n\t\t<div class=\"elementor-element elementor-element-1b608264 e-con-full e-flex e-con e-child\" data-id=\"1b608264\" data-element_type=\"container\" data-e-type=\"container\">\n\t\t<div class=\"elementor-element elementor-element-58c5e878 e-con-full e-flex e-con e-child\" data-id=\"58c5e878\" data-element_type=\"container\" data-e-type=\"container\">\n\t\t\t\t<div class=\"elementor-element elementor-element-ff45e1b elementor-widget elementor-widget-text-editor\" data-id=\"ff45e1b\" data-element_type=\"widget\" data-e-type=\"widget\" data-widget_type=\"text-editor.default\">\n\t\t\t\t<div class=\"elementor-widget-container\">\n\t\t\t\t\t\t\t\t\t<p>Muuton l\u00e4hestyess\u00e4 tai remontin tai rakennusprojektin valmistuessa on paljon teht\u00e4v\u00e4\u00e4 ja me autamme mielell\u00e4mme siivouksen osalta. Muuttosiivous tehd\u00e4\u00e4n yleens\u00e4 tyhj\u00e4\u00e4n asuntoon, jolloin asunto saadaan siivottua perinpohjaisesti. Loppusiivous on rakennuksen tai remontin viimeinen vaihe, jonka tavoitteena on poistaa ilmasta ja pinnoilta kaikki rakennusp\u00f6ly. Siivouksen sis\u00e4lt\u00f6 sovitaan tarpeidesi ja toiveidesi mukaan.<\/p><p>&nbsp;<\/p>\n<p>Muutto- ja loppusiivoukseen sis\u00e4ltyy tavallisesti:<\/p>\n<ul>\n<li>pintojen, tasojen ja kaappien pyyhint\u00e4<\/li>\n<li>lattioiden imurointi ja pyyhint\u00e4<\/li>\n<li>kodinkoneiden pesu<\/li>\n<li>ikkunoiden pesu<\/li>\n<li>kylpyhuoneen, saunan ja wc-tilojen pesu<\/li>\n<\/ul>\n<br><br>\t\t\t\t\t\t\t\t<\/div>\n\t\t\t\t<\/div>\n\t\t\t\t<\/div>\n\t\t\t\t<\/div>\n\t\t\t\t<\/div>\n\t\t\t\t<\/div>\n\t\t\t\t\t<\/div>\n\t\t\t\t<\/div>\n\t\t<div class=\"elementor-element elementor-element-e826d7b e-flex e-con-boxed e-con e-parent\" data-id=\"e826d7b\" data-element_type=\"container\" data-e-type=\"container\">\n\t\t\t\t\t<div class=\"e-con-inner\">\n\t\t\t\t\t<\/div>\n\t\t\t\t<\/div>\n\t\t<div class=\"elementor-element elementor-element-0fcd0a1 e-flex e-con-boxed e-con e-parent\" data-id=\"0fcd0a1\" data-element_type=\"container\" data-e-type=\"container\">\n\t\t\t\t\t<div class=\"e-con-inner\">\n\t\t\t\t<div class=\"elementor-element elementor-element-3c934f7 elementor-widget elementor-widget-spacer\" data-id=\"3c934f7\" data-element_type=\"widget\" data-e-type=\"widget\" data-widget_type=\"spacer.default\">\n\t\t\t\t<div class=\"elementor-widget-container\">\n\t\t\t\t\t\t\t<div class=\"elementor-spacer\">\n\t\t\t<div class=\"elementor-spacer-inner\"><\/div>\n\t\t<\/div>\n\t\t\t\t\t\t<\/div>\n\t\t\t\t<\/div>\n\t\t\t\t\t<\/div>\n\t\t\t\t<\/div>\n\t\t\t\t<\/div>\n\t\t","protected":false},"excerpt":{"rendered":"<p>Muutto- ja loppusiivous Hinta 50e\/h (alv 25,5%) *Kotitalousv\u00e4hennyksen j\u00e4lkeen 32,50\u20ac Muuton l\u00e4hestyess\u00e4 tai remontin tai rakennusprojektin valmistuessa on paljon teht\u00e4v\u00e4\u00e4 ja me autamme mielell\u00e4mme siivouksen osalta. Muuttosiivous tehd\u00e4\u00e4n yleens\u00e4 tyhj\u00e4\u00e4n asuntoon, jolloin asunto saadaan siivottua perinpohjaisesti. Loppusiivous on rakennuksen tai remontin viimeinen vaihe, jonka tavoitteena on poistaa ilmasta ja pinnoilta kaikki rakennusp\u00f6ly. Siivouksen sis\u00e4lt\u00f6 sovitaan [&hellip;]<\/p>\n","protected":false},"author":1,"featured_media":0,"parent":0,"menu_order":0,"comment_status":"closed","ping_status":"closed","template":"","meta":{"footnotes":""},"class_list":["post-238","page","type-page","status-publish","hentry"],"yoast_head":"<!-- This site is optimized with the Yoast SEO plugin v27.2 - https:\/\/yoast.com\/product\/yoast-seo-wordpress\/ -->\n<title>Loppusiivous - Siivous Jyv\u00e4skyl\u00e4<\/title>\n<meta name=\"robots\" content=\"index, follow, max-snippet:-1, max-image-preview:large, max-video-preview:-1\" \/>\n<link rel=\"canonical\" href=\"https:\/\/www.suopa.fi\/index.php\/loppusiivous\/\" \/>\n<meta property=\"og:locale\" content=\"fi_FI\" \/>\n<meta property=\"og:type\" content=\"article\" \/>\n<meta property=\"og:title\" content=\"Loppusiivous - Siivous Jyv\u00e4skyl\u00e4\" \/>\n<meta property=\"og:description\" content=\"Muutto- ja loppusiivous Hinta 50e\/h (alv 25,5%) *Kotitalousv\u00e4hennyksen j\u00e4lkeen 32,50\u20ac Muuton l\u00e4hestyess\u00e4 tai remontin tai rakennusprojektin valmistuessa on paljon teht\u00e4v\u00e4\u00e4 ja me autamme mielell\u00e4mme siivouksen osalta. Muuttosiivous tehd\u00e4\u00e4n yleens\u00e4 tyhj\u00e4\u00e4n asuntoon, jolloin asunto saadaan siivottua perinpohjaisesti. Loppusiivous on rakennuksen tai remontin viimeinen vaihe, jonka tavoitteena on poistaa ilmasta ja pinnoilta kaikki rakennusp\u00f6ly. Siivouksen sis\u00e4lt\u00f6 sovitaan [&hellip;]\" \/>\n<meta property=\"og:url\" content=\"https:\/\/www.suopa.fi\/index.php\/loppusiivous\/\" \/>\n<meta property=\"og:site_name\" content=\"Siivous Jyv\u00e4skyl\u00e4\" \/>\n<meta property=\"article:modified_time\" content=\"2025-06-15T19:52:45+00:00\" \/>\n<meta name=\"twitter:card\" content=\"summary_large_image\" \/>\n<meta name=\"twitter:label1\" content=\"Arvioitu lukuaika\" \/>\n\t<meta name=\"twitter:data1\" content=\"1 minuutti\" \/>\n<script type=\"application\/ld+json\" class=\"yoast-schema-graph\">{\"@context\":\"https:\/\/schema.org\",\"@graph\":[{\"@type\":\"WebPage\",\"@id\":\"https:\/\/www.suopa.fi\/index.php\/loppusiivous\/\",\"url\":\"https:\/\/www.suopa.fi\/index.php\/loppusiivous\/\",\"name\":\"Loppusiivous - Siivous Jyv\u00e4skyl\u00e4\",\"isPartOf\":{\"@id\":\"https:\/\/www.suopa.fi\/#website\"},\"datePublished\":\"2024-12-03T20:13:49+00:00\",\"dateModified\":\"2025-06-15T19:52:45+00:00\",\"breadcrumb\":{\"@id\":\"https:\/\/www.suopa.fi\/index.php\/loppusiivous\/#breadcrumb\"},\"inLanguage\":\"fi\",\"potentialAction\":[{\"@type\":\"ReadAction\",\"target\":[\"https:\/\/www.suopa.fi\/index.php\/loppusiivous\/\"]}]},{\"@type\":\"BreadcrumbList\",\"@id\":\"https:\/\/www.suopa.fi\/index.php\/loppusiivous\/#breadcrumb\",\"itemListElement\":[{\"@type\":\"ListItem\",\"position\":1,\"name\":\"Etusivu\",\"item\":\"https:\/\/www.suopa.fi\/\"},{\"@type\":\"ListItem\",\"position\":2,\"name\":\"Loppusiivous\"}]},{\"@type\":\"WebSite\",\"@id\":\"https:\/\/www.suopa.fi\/#website\",\"url\":\"https:\/\/www.suopa.fi\/\",\"name\":\"Siivous Jyv\u00e4skyl\u00e4\",\"description\":\"Se hyv\u00e4nsuopa siivouspalvelu\",\"publisher\":{\"@id\":\"https:\/\/www.suopa.fi\/#organization\"},\"potentialAction\":[{\"@type\":\"SearchAction\",\"target\":{\"@type\":\"EntryPoint\",\"urlTemplate\":\"https:\/\/www.suopa.fi\/?s={search_term_string}\"},\"query-input\":{\"@type\":\"PropertyValueSpecification\",\"valueRequired\":true,\"valueName\":\"search_term_string\"}}],\"inLanguage\":\"fi\"},{\"@type\":\"Organization\",\"@id\":\"https:\/\/www.suopa.fi\/#organization\",\"name\":\"Siivous Jyv\u00e4skyl\u00e4\",\"url\":\"https:\/\/www.suopa.fi\/\",\"logo\":{\"@type\":\"ImageObject\",\"inLanguage\":\"fi\",\"@id\":\"https:\/\/www.suopa.fi\/#\/schema\/logo\/image\/\",\"url\":\"https:\/\/www.suopa.fi\/wp-content\/uploads\/2024\/12\/suopa-oy-1000-x-500-px1-e1733258444571.png\",\"contentUrl\":\"https:\/\/www.suopa.fi\/wp-content\/uploads\/2024\/12\/suopa-oy-1000-x-500-px1-e1733258444571.png\",\"width\":227,\"height\":131,\"caption\":\"Siivous Jyv\u00e4skyl\u00e4\"},\"image\":{\"@id\":\"https:\/\/www.suopa.fi\/#\/schema\/logo\/image\/\"}}]}<\/script>\n<!-- \/ Yoast SEO plugin. -->","yoast_head_json":{"title":"Loppusiivous - Siivous Jyv\u00e4skyl\u00e4","robots":{"index":"index","follow":"follow","max-snippet":"max-snippet:-1","max-image-preview":"max-image-preview:large","max-video-preview":"max-video-preview:-1"},"canonical":"https:\/\/www.suopa.fi\/index.php\/loppusiivous\/","og_locale":"fi_FI","og_type":"article","og_title":"Loppusiivous - Siivous Jyv\u00e4skyl\u00e4","og_description":"Muutto- ja loppusiivous Hinta 50e\/h (alv 25,5%) *Kotitalousv\u00e4hennyksen j\u00e4lkeen 32,50\u20ac Muuton l\u00e4hestyess\u00e4 tai remontin tai rakennusprojektin valmistuessa on paljon teht\u00e4v\u00e4\u00e4 ja me autamme mielell\u00e4mme siivouksen osalta. Muuttosiivous tehd\u00e4\u00e4n yleens\u00e4 tyhj\u00e4\u00e4n asuntoon, jolloin asunto saadaan siivottua perinpohjaisesti. Loppusiivous on rakennuksen tai remontin viimeinen vaihe, jonka tavoitteena on poistaa ilmasta ja pinnoilta kaikki rakennusp\u00f6ly. Siivouksen sis\u00e4lt\u00f6 sovitaan [&hellip;]","og_url":"https:\/\/www.suopa.fi\/index.php\/loppusiivous\/","og_site_name":"Siivous Jyv\u00e4skyl\u00e4","article_modified_time":"2025-06-15T19:52:45+00:00","twitter_card":"summary_large_image","twitter_misc":{"Arvioitu lukuaika":"1 minuutti"},"schema":{"@context":"https:\/\/schema.org","@graph":[{"@type":"WebPage","@id":"https:\/\/www.suopa.fi\/index.php\/loppusiivous\/","url":"https:\/\/www.suopa.fi\/index.php\/loppusiivous\/","name":"Loppusiivous - Siivous Jyv\u00e4skyl\u00e4","isPartOf":{"@id":"https:\/\/www.suopa.fi\/#website"},"datePublished":"2024-12-03T20:13:49+00:00","dateModified":"2025-06-15T19:52:45+00:00","breadcrumb":{"@id":"https:\/\/www.suopa.fi\/index.php\/loppusiivous\/#breadcrumb"},"inLanguage":"fi","potentialAction":[{"@type":"ReadAction","target":["https:\/\/www.suopa.fi\/index.php\/loppusiivous\/"]}]},{"@type":"BreadcrumbList","@id":"https:\/\/www.suopa.fi\/index.php\/loppusiivous\/#breadcrumb","itemListElement":[{"@type":"ListItem","position":1,"name":"Etusivu","item":"https:\/\/www.suopa.fi\/"},{"@type":"ListItem","position":2,"name":"Loppusiivous"}]},{"@type":"WebSite","@id":"https:\/\/www.suopa.fi\/#website","url":"https:\/\/www.suopa.fi\/","name":"Siivous Jyv\u00e4skyl\u00e4","description":"Se hyv\u00e4nsuopa siivouspalvelu","publisher":{"@id":"https:\/\/www.suopa.fi\/#organization"},"potentialAction":[{"@type":"SearchAction","target":{"@type":"EntryPoint","urlTemplate":"https:\/\/www.suopa.fi\/?s={search_term_string}"},"query-input":{"@type":"PropertyValueSpecification","valueRequired":true,"valueName":"search_term_string"}}],"inLanguage":"fi"},{"@type":"Organization","@id":"https:\/\/www.suopa.fi\/#organization","name":"Siivous Jyv\u00e4skyl\u00e4","url":"https:\/\/www.suopa.fi\/","logo":{"@type":"ImageObject","inLanguage":"fi","@id":"https:\/\/www.suopa.fi\/#\/schema\/logo\/image\/","url":"https:\/\/www.suopa.fi\/wp-content\/uploads\/2024\/12\/suopa-oy-1000-x-500-px1-e1733258444571.png","contentUrl":"https:\/\/www.suopa.fi\/wp-content\/uploads\/2024\/12\/suopa-oy-1000-x-500-px1-e1733258444571.png","width":227,"height":131,"caption":"Siivous Jyv\u00e4skyl\u00e4"},"image":{"@id":"https:\/\/www.suopa.fi\/#\/schema\/logo\/image\/"}}]}},"_links":{"self":[{"href":"https:\/\/www.suopa.fi\/index.php\/wp-json\/wp\/v2\/pages\/238","targetHints":{"allow":["GET"]}}],"collection":[{"href":"https:\/\/www.suopa.fi\/index.php\/wp-json\/wp\/v2\/pages"}],"about":[{"href":"https:\/\/www.suopa.fi\/index.php\/wp-json\/wp\/v2\/types\/page"}],"author":[{"embeddable":true,"href":"https:\/\/www.suopa.fi\/index.php\/wp-json\/wp\/v2\/users\/1"}],"replies":[{"embeddable":true,"href":"https:\/\/www.suopa.fi\/index.php\/wp-json\/wp\/v2\/comments?post=238"}],"version-history":[{"count":92,"href":"https:\/\/www.suopa.fi\/index.php\/wp-json\/wp\/v2\/pages\/238\/revisions"}],"predecessor-version":[{"id":691,"href":"https:\/\/www.suopa.fi\/index.php\/wp-json\/wp\/v2\/pages\/238\/revisions\/691"}],"wp:attachment":[{"href":"https:\/\/www.suopa.fi\/index.php\/wp-json\/wp\/v2\/media?parent=238"}],"curies":[{"name":"wp","href":"https:\/\/api.w.org\/{rel}","templated":true}]}}