{"id":265,"date":"2024-12-03T20:27:37","date_gmt":"2024-12-03T20:27:37","guid":{"rendered":"https:\/\/www.suopa.fi\/?page_id=265"},"modified":"2025-06-15T19:51:43","modified_gmt":"2025-06-15T19:51:43","slug":"kotisiivous","status":"publish","type":"page","link":"https:\/\/www.suopa.fi\/index.php\/kotisiivous\/","title":{"rendered":"Kotisiivous"},"content":{"rendered":"\t\t<div data-elementor-type=\"wp-page\" data-elementor-id=\"265\" class=\"elementor elementor-265\" data-elementor-post-type=\"page\">\n\t\t\t\t<div class=\"elementor-element elementor-element-2c5fff73 e-flex e-con-boxed e-con e-parent\" data-id=\"2c5fff73\" data-element_type=\"container\" data-e-type=\"container\">\n\t\t\t\t\t<div class=\"e-con-inner\">\n\t\t\t\t<div class=\"elementor-element elementor-element-478dfc2e elementor-widget elementor-widget-heading\" data-id=\"478dfc2e\" data-element_type=\"widget\" data-e-type=\"widget\" data-widget_type=\"heading.default\">\n\t\t\t\t<div class=\"elementor-widget-container\">\n\t\t\t\t\t<h2 class=\"elementor-heading-title elementor-size-default\">Kotisiivous<\/h2>\t\t\t\t<\/div>\n\t\t\t\t<\/div>\n\t\t\t\t\t<\/div>\n\t\t\t\t<\/div>\n\t\t<div class=\"elementor-element elementor-element-2e7b457a e-flex e-con-boxed e-con e-parent\" data-id=\"2e7b457a\" data-element_type=\"container\" data-e-type=\"container\">\n\t\t\t\t\t<div class=\"e-con-inner\">\n\t\t<div class=\"elementor-element elementor-element-7e8c6766 e-con-full e-flex e-con e-child\" data-id=\"7e8c6766\" data-element_type=\"container\" data-e-type=\"container\">\n\t\t<div class=\"elementor-element elementor-element-6774dcf0 e-con-full e-flex e-con e-child\" data-id=\"6774dcf0\" data-element_type=\"container\" data-e-type=\"container\">\n\t\t<div class=\"elementor-element elementor-element-3ff802e1 e-con-full e-flex e-con e-child\" data-id=\"3ff802e1\" data-element_type=\"container\" data-e-type=\"container\">\n\t\t<div class=\"elementor-element elementor-element-2a1dc1c e-con-full e-flex e-con e-child\" data-id=\"2a1dc1c\" data-element_type=\"container\" data-e-type=\"container\">\n\t\t\t\t<div class=\"elementor-element elementor-element-4a779455 elementor-widget elementor-widget-heading\" data-id=\"4a779455\" data-element_type=\"widget\" data-e-type=\"widget\" data-widget_type=\"heading.default\">\n\t\t\t\t<div class=\"elementor-widget-container\">\n\t\t\t\t\t<h3 class=\"elementor-heading-title elementor-size-default\">Hinta<br><\/h3>\t\t\t\t<\/div>\n\t\t\t\t<\/div>\n\t\t\t\t<div class=\"elementor-element elementor-element-dc03987 elementor-widget elementor-widget-text-editor\" data-id=\"dc03987\" data-element_type=\"widget\" data-e-type=\"widget\" data-widget_type=\"text-editor.default\">\n\t\t\t\t<div class=\"elementor-widget-container\">\n\t\t\t\t\t\t\t\t\t<p>46\u20ac\/h (sis. alv)<\/p><p>*Kotitalousv\u00e4hennyksen j\u00e4lkeen 30\u20ac\/h<\/p>\t\t\t\t\t\t\t\t<\/div>\n\t\t\t\t<\/div>\n\t\t\t\t<\/div>\n\t\t\t\t<\/div>\n\t\t\t\t<\/div>\n\t\t<div class=\"elementor-element elementor-element-8ec1076 e-con-full e-flex e-con e-child\" data-id=\"8ec1076\" data-element_type=\"container\" data-e-type=\"container\">\n\t\t<div class=\"elementor-element elementor-element-23e0858c e-con-full e-flex e-con e-child\" data-id=\"23e0858c\" data-element_type=\"container\" data-e-type=\"container\">\n\t\t\t\t<div class=\"elementor-element elementor-element-5e122378 elementor-widget elementor-widget-heading\" data-id=\"5e122378\" data-element_type=\"widget\" data-e-type=\"widget\" data-widget_type=\"heading.default\">\n\t\t\t\t<div class=\"elementor-widget-container\">\n\t\t\t\t\t<h3 class=\"elementor-heading-title elementor-size-default\">Tarjous<\/h3>\t\t\t\t<\/div>\n\t\t\t\t<\/div>\n\t\t\t\t<div class=\"elementor-element elementor-element-2bfb2823 elementor-widget elementor-widget-text-editor\" data-id=\"2bfb2823\" data-element_type=\"widget\" data-e-type=\"widget\" data-widget_type=\"text-editor.default\">\n\t\t\t\t<div class=\"elementor-widget-container\">\n\t\t\t\t\t\t\t\t\t<p>-20% <br \/><span class=\"OYPEnA font-feature-liga-off font-feature-clig-off font-feature-calt-off text-decoration-none text-strikethrough-none\">Ensimm\u00e4inen siivous,<br \/><\/span><span class=\"OYPEnA font-feature-liga-off font-feature-clig-off font-feature-calt-off text-decoration-none text-strikethrough-none\">kun tilaat s\u00e4\u00e4nn\u00f6llisen<br \/><\/span><span class=\"OYPEnA font-feature-liga-off font-feature-clig-off font-feature-calt-off text-decoration-none text-strikethrough-none\">siivouksen<\/span><\/p>\t\t\t\t\t\t\t\t<\/div>\n\t\t\t\t<\/div>\n\t\t\t\t<\/div>\n\t\t\t\t<\/div>\n\t\t\t\t<\/div>\n\t\t<div class=\"elementor-element elementor-element-1f4eee51 e-con-full e-flex e-con e-child\" data-id=\"1f4eee51\" data-element_type=\"container\" data-e-type=\"container\">\n\t\t<div class=\"elementor-element elementor-element-41becb06 e-con-full e-flex e-con e-child\" data-id=\"41becb06\" data-element_type=\"container\" data-e-type=\"container\">\n\t\t<div class=\"elementor-element elementor-element-7b74721b e-con-full e-flex e-con e-child\" data-id=\"7b74721b\" data-element_type=\"container\" data-e-type=\"container\">\n\t\t<div class=\"elementor-element elementor-element-5a4029c1 e-con-full e-flex e-con e-child\" data-id=\"5a4029c1\" data-element_type=\"container\" data-e-type=\"container\">\n\t\t\t\t<div class=\"elementor-element elementor-element-39da1d29 elementor-widget elementor-widget-text-editor\" data-id=\"39da1d29\" data-element_type=\"widget\" data-e-type=\"widget\" data-widget_type=\"text-editor.default\">\n\t\t\t\t<div class=\"elementor-widget-container\">\n\t\t\t\t\t\t\t\t\t<p>Puhdas ja siisti koti luo hyvinvointia arkeen. S\u00e4\u00e4nn\u00f6llinen siivous pit\u00e4\u00e4 kodin kunnossa ja viihtyis\u00e4n\u00e4 pitk\u00e4\u00e4n. Me Suopa Oy:ll\u00e4 haluamme helpottaa asiakkaidemme arkea ja tarjota kunkin kotitalouden yksil\u00f6llisi\u00e4 tarpeita vastaavia siivouspalveluita. Tavallisesti kotisiivoukseen sis\u00e4ltyy:<\/p><ul><li>pintojen ja tasojen pyyhint\u00e4 (my\u00f6s peili- ja lasipinnat)<\/li><li>mattojen ja lattian imurointi<\/li><li>lattian pyyhint\u00e4<\/li><li>kylpyhuoneen- ja wc:n pesu<\/li><\/ul><p>\u00a0<\/p><p>Kotisiivouksen sis\u00e4ll\u00f6st\u00e4 sovitaan aina asiakkaan tarpeet huomioiden ja palveluun voi kuulua my\u00f6s vaikkapa lakanoiden vaihto, roskien vienti tai j\u00e4\u00e4kaapin\/ uunin puhdistus. Erikseen myyt\u00e4vi\u00e4 lis\u00e4palveluita ovat mm. ikkunoiden pesu tai saunan pesu.<\/p>\t\t\t\t\t\t\t\t<\/div>\n\t\t\t\t<\/div>\n\t\t\t\t<\/div>\n\t\t\t\t<\/div>\n\t\t\t\t<\/div>\n\t\t\t\t<\/div>\n\t\t\t\t\t<\/div>\n\t\t\t\t<\/div>\n\t\t<div class=\"elementor-element elementor-element-74c87bf5 e-flex e-con-boxed e-con e-parent\" data-id=\"74c87bf5\" data-element_type=\"container\" data-e-type=\"container\">\n\t\t\t\t\t<div class=\"e-con-inner\">\n\t\t\t\t\t<\/div>\n\t\t\t\t<\/div>\n\t\t<div class=\"elementor-element elementor-element-6901c31f e-flex e-con-boxed e-con e-parent\" data-id=\"6901c31f\" data-element_type=\"container\" data-e-type=\"container\">\n\t\t\t\t\t<div class=\"e-con-inner\">\n\t\t\t\t<div class=\"elementor-element elementor-element-5d8e1337 elementor-widget elementor-widget-spacer\" data-id=\"5d8e1337\" data-element_type=\"widget\" data-e-type=\"widget\" data-widget_type=\"spacer.default\">\n\t\t\t\t<div class=\"elementor-widget-container\">\n\t\t\t\t\t\t\t<div class=\"elementor-spacer\">\n\t\t\t<div class=\"elementor-spacer-inner\"><\/div>\n\t\t<\/div>\n\t\t\t\t\t\t<\/div>\n\t\t\t\t<\/div>\n\t\t\t\t\t<\/div>\n\t\t\t\t<\/div>\n\t\t\t\t<\/div>\n\t\t","protected":false},"excerpt":{"rendered":"<p>Kotisiivous Hinta 46\u20ac\/h (sis. alv) *Kotitalousv\u00e4hennyksen j\u00e4lkeen 30\u20ac\/h Tarjous -20% Ensimm\u00e4inen siivous,kun tilaat s\u00e4\u00e4nn\u00f6llisensiivouksen Puhdas ja siisti koti luo hyvinvointia arkeen. S\u00e4\u00e4nn\u00f6llinen siivous pit\u00e4\u00e4 kodin kunnossa ja viihtyis\u00e4n\u00e4 pitk\u00e4\u00e4n. Me Suopa Oy:ll\u00e4 haluamme helpottaa asiakkaidemme arkea ja tarjota kunkin kotitalouden yksil\u00f6llisi\u00e4 tarpeita vastaavia siivouspalveluita. Tavallisesti kotisiivoukseen sis\u00e4ltyy: pintojen ja tasojen pyyhint\u00e4 (my\u00f6s peili- ja lasipinnat) [&hellip;]<\/p>\n","protected":false},"author":1,"featured_media":0,"parent":0,"menu_order":0,"comment_status":"closed","ping_status":"closed","template":"","meta":{"footnotes":""},"class_list":["post-265","page","type-page","status-publish","hentry"],"yoast_head":"<!-- This site is optimized with the Yoast SEO plugin v27.2 - https:\/\/yoast.com\/product\/yoast-seo-wordpress\/ -->\n<title>Kotisiivous - Siivous Jyv\u00e4skyl\u00e4<\/title>\n<meta name=\"robots\" content=\"index, follow, max-snippet:-1, max-image-preview:large, max-video-preview:-1\" \/>\n<link rel=\"canonical\" href=\"https:\/\/www.suopa.fi\/index.php\/kotisiivous\/\" \/>\n<meta property=\"og:locale\" content=\"fi_FI\" \/>\n<meta property=\"og:type\" content=\"article\" \/>\n<meta property=\"og:title\" content=\"Kotisiivous - Siivous Jyv\u00e4skyl\u00e4\" \/>\n<meta property=\"og:description\" content=\"Kotisiivous Hinta 46\u20ac\/h (sis. alv) *Kotitalousv\u00e4hennyksen j\u00e4lkeen 30\u20ac\/h Tarjous -20% Ensimm\u00e4inen siivous,kun tilaat s\u00e4\u00e4nn\u00f6llisensiivouksen Puhdas ja siisti koti luo hyvinvointia arkeen. S\u00e4\u00e4nn\u00f6llinen siivous pit\u00e4\u00e4 kodin kunnossa ja viihtyis\u00e4n\u00e4 pitk\u00e4\u00e4n. Me Suopa Oy:ll\u00e4 haluamme helpottaa asiakkaidemme arkea ja tarjota kunkin kotitalouden yksil\u00f6llisi\u00e4 tarpeita vastaavia siivouspalveluita. Tavallisesti kotisiivoukseen sis\u00e4ltyy: pintojen ja tasojen pyyhint\u00e4 (my\u00f6s peili- ja lasipinnat) [&hellip;]\" \/>\n<meta property=\"og:url\" content=\"https:\/\/www.suopa.fi\/index.php\/kotisiivous\/\" \/>\n<meta property=\"og:site_name\" content=\"Siivous Jyv\u00e4skyl\u00e4\" \/>\n<meta property=\"article:modified_time\" content=\"2025-06-15T19:51:43+00:00\" \/>\n<meta name=\"twitter:card\" content=\"summary_large_image\" \/>\n<meta name=\"twitter:label1\" content=\"Arvioitu lukuaika\" \/>\n\t<meta name=\"twitter:data1\" content=\"1 minuutti\" \/>\n<script type=\"application\/ld+json\" class=\"yoast-schema-graph\">{\"@context\":\"https:\/\/schema.org\",\"@graph\":[{\"@type\":\"WebPage\",\"@id\":\"https:\/\/www.suopa.fi\/index.php\/kotisiivous\/\",\"url\":\"https:\/\/www.suopa.fi\/index.php\/kotisiivous\/\",\"name\":\"Kotisiivous - Siivous Jyv\u00e4skyl\u00e4\",\"isPartOf\":{\"@id\":\"https:\/\/www.suopa.fi\/#website\"},\"datePublished\":\"2024-12-03T20:27:37+00:00\",\"dateModified\":\"2025-06-15T19:51:43+00:00\",\"breadcrumb\":{\"@id\":\"https:\/\/www.suopa.fi\/index.php\/kotisiivous\/#breadcrumb\"},\"inLanguage\":\"fi\",\"potentialAction\":[{\"@type\":\"ReadAction\",\"target\":[\"https:\/\/www.suopa.fi\/index.php\/kotisiivous\/\"]}]},{\"@type\":\"BreadcrumbList\",\"@id\":\"https:\/\/www.suopa.fi\/index.php\/kotisiivous\/#breadcrumb\",\"itemListElement\":[{\"@type\":\"ListItem\",\"position\":1,\"name\":\"Etusivu\",\"item\":\"https:\/\/www.suopa.fi\/\"},{\"@type\":\"ListItem\",\"position\":2,\"name\":\"Kotisiivous\"}]},{\"@type\":\"WebSite\",\"@id\":\"https:\/\/www.suopa.fi\/#website\",\"url\":\"https:\/\/www.suopa.fi\/\",\"name\":\"Siivous Jyv\u00e4skyl\u00e4\",\"description\":\"Se hyv\u00e4nsuopa siivouspalvelu\",\"publisher\":{\"@id\":\"https:\/\/www.suopa.fi\/#organization\"},\"potentialAction\":[{\"@type\":\"SearchAction\",\"target\":{\"@type\":\"EntryPoint\",\"urlTemplate\":\"https:\/\/www.suopa.fi\/?s={search_term_string}\"},\"query-input\":{\"@type\":\"PropertyValueSpecification\",\"valueRequired\":true,\"valueName\":\"search_term_string\"}}],\"inLanguage\":\"fi\"},{\"@type\":\"Organization\",\"@id\":\"https:\/\/www.suopa.fi\/#organization\",\"name\":\"Siivous Jyv\u00e4skyl\u00e4\",\"url\":\"https:\/\/www.suopa.fi\/\",\"logo\":{\"@type\":\"ImageObject\",\"inLanguage\":\"fi\",\"@id\":\"https:\/\/www.suopa.fi\/#\/schema\/logo\/image\/\",\"url\":\"https:\/\/www.suopa.fi\/wp-content\/uploads\/2024\/12\/suopa-oy-1000-x-500-px1-e1733258444571.png\",\"contentUrl\":\"https:\/\/www.suopa.fi\/wp-content\/uploads\/2024\/12\/suopa-oy-1000-x-500-px1-e1733258444571.png\",\"width\":227,\"height\":131,\"caption\":\"Siivous Jyv\u00e4skyl\u00e4\"},\"image\":{\"@id\":\"https:\/\/www.suopa.fi\/#\/schema\/logo\/image\/\"}}]}<\/script>\n<!-- \/ Yoast SEO plugin. -->","yoast_head_json":{"title":"Kotisiivous - Siivous Jyv\u00e4skyl\u00e4","robots":{"index":"index","follow":"follow","max-snippet":"max-snippet:-1","max-image-preview":"max-image-preview:large","max-video-preview":"max-video-preview:-1"},"canonical":"https:\/\/www.suopa.fi\/index.php\/kotisiivous\/","og_locale":"fi_FI","og_type":"article","og_title":"Kotisiivous - Siivous Jyv\u00e4skyl\u00e4","og_description":"Kotisiivous Hinta 46\u20ac\/h (sis. alv) *Kotitalousv\u00e4hennyksen j\u00e4lkeen 30\u20ac\/h Tarjous -20% Ensimm\u00e4inen siivous,kun tilaat s\u00e4\u00e4nn\u00f6llisensiivouksen Puhdas ja siisti koti luo hyvinvointia arkeen. S\u00e4\u00e4nn\u00f6llinen siivous pit\u00e4\u00e4 kodin kunnossa ja viihtyis\u00e4n\u00e4 pitk\u00e4\u00e4n. Me Suopa Oy:ll\u00e4 haluamme helpottaa asiakkaidemme arkea ja tarjota kunkin kotitalouden yksil\u00f6llisi\u00e4 tarpeita vastaavia siivouspalveluita. Tavallisesti kotisiivoukseen sis\u00e4ltyy: pintojen ja tasojen pyyhint\u00e4 (my\u00f6s peili- ja lasipinnat) [&hellip;]","og_url":"https:\/\/www.suopa.fi\/index.php\/kotisiivous\/","og_site_name":"Siivous Jyv\u00e4skyl\u00e4","article_modified_time":"2025-06-15T19:51:43+00:00","twitter_card":"summary_large_image","twitter_misc":{"Arvioitu lukuaika":"1 minuutti"},"schema":{"@context":"https:\/\/schema.org","@graph":[{"@type":"WebPage","@id":"https:\/\/www.suopa.fi\/index.php\/kotisiivous\/","url":"https:\/\/www.suopa.fi\/index.php\/kotisiivous\/","name":"Kotisiivous - Siivous Jyv\u00e4skyl\u00e4","isPartOf":{"@id":"https:\/\/www.suopa.fi\/#website"},"datePublished":"2024-12-03T20:27:37+00:00","dateModified":"2025-06-15T19:51:43+00:00","breadcrumb":{"@id":"https:\/\/www.suopa.fi\/index.php\/kotisiivous\/#breadcrumb"},"inLanguage":"fi","potentialAction":[{"@type":"ReadAction","target":["https:\/\/www.suopa.fi\/index.php\/kotisiivous\/"]}]},{"@type":"BreadcrumbList","@id":"https:\/\/www.suopa.fi\/index.php\/kotisiivous\/#breadcrumb","itemListElement":[{"@type":"ListItem","position":1,"name":"Etusivu","item":"https:\/\/www.suopa.fi\/"},{"@type":"ListItem","position":2,"name":"Kotisiivous"}]},{"@type":"WebSite","@id":"https:\/\/www.suopa.fi\/#website","url":"https:\/\/www.suopa.fi\/","name":"Siivous Jyv\u00e4skyl\u00e4","description":"Se hyv\u00e4nsuopa siivouspalvelu","publisher":{"@id":"https:\/\/www.suopa.fi\/#organization"},"potentialAction":[{"@type":"SearchAction","target":{"@type":"EntryPoint","urlTemplate":"https:\/\/www.suopa.fi\/?s={search_term_string}"},"query-input":{"@type":"PropertyValueSpecification","valueRequired":true,"valueName":"search_term_string"}}],"inLanguage":"fi"},{"@type":"Organization","@id":"https:\/\/www.suopa.fi\/#organization","name":"Siivous Jyv\u00e4skyl\u00e4","url":"https:\/\/www.suopa.fi\/","logo":{"@type":"ImageObject","inLanguage":"fi","@id":"https:\/\/www.suopa.fi\/#\/schema\/logo\/image\/","url":"https:\/\/www.suopa.fi\/wp-content\/uploads\/2024\/12\/suopa-oy-1000-x-500-px1-e1733258444571.png","contentUrl":"https:\/\/www.suopa.fi\/wp-content\/uploads\/2024\/12\/suopa-oy-1000-x-500-px1-e1733258444571.png","width":227,"height":131,"caption":"Siivous Jyv\u00e4skyl\u00e4"},"image":{"@id":"https:\/\/www.suopa.fi\/#\/schema\/logo\/image\/"}}]}},"_links":{"self":[{"href":"https:\/\/www.suopa.fi\/index.php\/wp-json\/wp\/v2\/pages\/265","targetHints":{"allow":["GET"]}}],"collection":[{"href":"https:\/\/www.suopa.fi\/index.php\/wp-json\/wp\/v2\/pages"}],"about":[{"href":"https:\/\/www.suopa.fi\/index.php\/wp-json\/wp\/v2\/types\/page"}],"author":[{"embeddable":true,"href":"https:\/\/www.suopa.fi\/index.php\/wp-json\/wp\/v2\/users\/1"}],"replies":[{"embeddable":true,"href":"https:\/\/www.suopa.fi\/index.php\/wp-json\/wp\/v2\/comments?post=265"}],"version-history":[{"count":22,"href":"https:\/\/www.suopa.fi\/index.php\/wp-json\/wp\/v2\/pages\/265\/revisions"}],"predecessor-version":[{"id":688,"href":"https:\/\/www.suopa.fi\/index.php\/wp-json\/wp\/v2\/pages\/265\/revisions\/688"}],"wp:attachment":[{"href":"https:\/\/www.suopa.fi\/index.php\/wp-json\/wp\/v2\/media?parent=265"}],"curies":[{"name":"wp","href":"https:\/\/api.w.org\/{rel}","templated":true}]}}