{"id":300,"date":"2024-12-03T21:17:48","date_gmt":"2024-12-03T21:17:48","guid":{"rendered":"https:\/\/www.suopa.fi\/?page_id=300"},"modified":"2025-08-11T18:30:00","modified_gmt":"2025-08-11T18:30:00","slug":"yhteystiedot","status":"publish","type":"page","link":"https:\/\/www.suopa.fi\/index.php\/yhteystiedot\/","title":{"rendered":"Yhteystiedot"},"content":{"rendered":"\t\t<div data-elementor-type=\"wp-page\" data-elementor-id=\"300\" class=\"elementor elementor-300\" data-elementor-post-type=\"page\">\n\t\t\t\t<div class=\"elementor-element elementor-element-276bce30 e-flex e-con-boxed e-con e-parent\" data-id=\"276bce30\" data-element_type=\"container\" data-e-type=\"container\">\n\t\t\t\t\t<div class=\"e-con-inner\">\n\t\t\t\t<div class=\"elementor-element elementor-element-4b31c108 elementor-widget elementor-widget-heading\" data-id=\"4b31c108\" data-element_type=\"widget\" data-e-type=\"widget\" data-widget_type=\"heading.default\">\n\t\t\t\t<div class=\"elementor-widget-container\">\n\t\t\t\t\t<h2 class=\"elementor-heading-title elementor-size-default\">Yhteystiedot<\/h2>\t\t\t\t<\/div>\n\t\t\t\t<\/div>\n\t\t\t\t\t<\/div>\n\t\t\t\t<\/div>\n\t\t<div class=\"elementor-element elementor-element-9462ead e-flex e-con-boxed e-con e-parent\" data-id=\"9462ead\" data-element_type=\"container\" data-e-type=\"container\" data-settings=\"{&quot;background_background&quot;:&quot;classic&quot;}\">\n\t\t\t\t\t<div class=\"e-con-inner\">\n\t\t<div class=\"elementor-element elementor-element-5b37332 e-con-full e-flex e-con e-child\" data-id=\"5b37332\" data-element_type=\"container\" data-e-type=\"container\">\n\t\t<div class=\"elementor-element elementor-element-c8125ba e-con-full e-flex e-con e-child\" data-id=\"c8125ba\" data-element_type=\"container\" data-e-type=\"container\">\n\t\t\t\t<div class=\"elementor-element elementor-element-0175585 elementor-widget elementor-widget-spacer\" data-id=\"0175585\" data-element_type=\"widget\" data-e-type=\"widget\" data-widget_type=\"spacer.default\">\n\t\t\t\t<div class=\"elementor-widget-container\">\n\t\t\t\t\t\t\t<div class=\"elementor-spacer\">\n\t\t\t<div class=\"elementor-spacer-inner\"><\/div>\n\t\t<\/div>\n\t\t\t\t\t\t<\/div>\n\t\t\t\t<\/div>\n\t\t\t\t<div class=\"elementor-element elementor-element-3541f30 elementor-widget elementor-widget-text-editor\" data-id=\"3541f30\" data-element_type=\"widget\" data-e-type=\"widget\" data-widget_type=\"text-editor.default\">\n\t\t\t\t<div class=\"elementor-widget-container\">\n\t\t\t\t\t\t\t\t\t<p>Vilma Suomala <br \/><a href=\"tel:0400 315658\">0400 315658<\/a><span aria-hidden=\"true\"><br \/><\/span> <br \/>Virvelikatu 37<br \/>40270 PALOKKA<br \/>Y-tunnus: <span aria-hidden=\"true\">3493249-8<\/span><\/p><div><p><a href=\"mailto:info@suopa.fi\">info@suopa.fi<\/a><br \/><a href=\"http:\/\/www.suopa.fi\">www.suopa.fi<\/a><\/p><\/div>\t\t\t\t\t\t\t\t<\/div>\n\t\t\t\t<\/div>\n\t\t\t\t<\/div>\n\t\t\t\t<\/div>\n\t\t<div class=\"elementor-element elementor-element-2f94c7f e-con-full e-flex e-con e-child\" data-id=\"2f94c7f\" data-element_type=\"container\" data-e-type=\"container\" data-settings=\"{&quot;background_background&quot;:&quot;classic&quot;}\">\n\t\t\t\t<div class=\"elementor-element elementor-element-6349e84 elementor-widget elementor-widget-image\" data-id=\"6349e84\" data-element_type=\"widget\" data-e-type=\"widget\" data-widget_type=\"image.default\">\n\t\t\t\t<div class=\"elementor-widget-container\">\n\t\t\t\t\t\t\t\t\t\t\t\t\t\t\t<img fetchpriority=\"high\" decoding=\"async\" width=\"800\" height=\"450\" src=\"https:\/\/www.suopa.fi\/wp-content\/uploads\/2025\/06\/Nimeton-malli13.png\" class=\"attachment-large size-large wp-image-717\" alt=\"\" srcset=\"https:\/\/www.suopa.fi\/wp-content\/uploads\/2025\/06\/Nimeton-malli13.png 945w, https:\/\/www.suopa.fi\/wp-content\/uploads\/2025\/06\/Nimeton-malli13-300x169.png 300w, https:\/\/www.suopa.fi\/wp-content\/uploads\/2025\/06\/Nimeton-malli13-768x432.png 768w\" sizes=\"(max-width: 800px) 100vw, 800px\" \/>\t\t\t\t\t\t\t\t\t\t\t\t\t\t\t<\/div>\n\t\t\t\t<\/div>\n\t\t\t\t<\/div>\n\t\t\t\t\t<\/div>\n\t\t\t\t<\/div>\n\t\t\t\t<\/div>\n\t\t","protected":false},"excerpt":{"rendered":"<p>Yhteystiedot Vilma Suomala 0400 315658 Virvelikatu 3740270 PALOKKAY-tunnus: 3493249-8 info@suopa.fiwww.suopa.fi<\/p>\n","protected":false},"author":1,"featured_media":0,"parent":0,"menu_order":0,"comment_status":"closed","ping_status":"closed","template":"","meta":{"footnotes":""},"class_list":["post-300","page","type-page","status-publish","hentry"],"yoast_head":"<!-- This site is optimized with the Yoast SEO plugin v27.2 - https:\/\/yoast.com\/product\/yoast-seo-wordpress\/ -->\n<title>Yhteystiedot - Siivous Jyv\u00e4skyl\u00e4<\/title>\n<meta name=\"robots\" content=\"index, follow, max-snippet:-1, max-image-preview:large, max-video-preview:-1\" \/>\n<link rel=\"canonical\" href=\"https:\/\/www.suopa.fi\/index.php\/yhteystiedot\/\" \/>\n<meta property=\"og:locale\" content=\"fi_FI\" \/>\n<meta property=\"og:type\" content=\"article\" \/>\n<meta property=\"og:title\" content=\"Yhteystiedot - Siivous Jyv\u00e4skyl\u00e4\" \/>\n<meta property=\"og:description\" content=\"Yhteystiedot Vilma Suomala 0400 315658 Virvelikatu 3740270 PALOKKAY-tunnus: 3493249-8 info@suopa.fiwww.suopa.fi\" \/>\n<meta property=\"og:url\" content=\"https:\/\/www.suopa.fi\/index.php\/yhteystiedot\/\" \/>\n<meta property=\"og:site_name\" content=\"Siivous Jyv\u00e4skyl\u00e4\" \/>\n<meta property=\"article:modified_time\" content=\"2025-08-11T18:30:00+00:00\" \/>\n<meta property=\"og:image\" content=\"https:\/\/www.suopa.fi\/wp-content\/uploads\/2025\/06\/Nimeton-malli13.png\" \/>\n\t<meta property=\"og:image:width\" content=\"945\" \/>\n\t<meta property=\"og:image:height\" content=\"531\" \/>\n\t<meta property=\"og:image:type\" content=\"image\/png\" \/>\n<meta name=\"twitter:card\" content=\"summary_large_image\" \/>\n<meta name=\"twitter:label1\" content=\"Arvioitu lukuaika\" \/>\n\t<meta name=\"twitter:data1\" content=\"1 minuutti\" \/>\n<script type=\"application\/ld+json\" class=\"yoast-schema-graph\">{\"@context\":\"https:\/\/schema.org\",\"@graph\":[{\"@type\":\"WebPage\",\"@id\":\"https:\/\/www.suopa.fi\/index.php\/yhteystiedot\/\",\"url\":\"https:\/\/www.suopa.fi\/index.php\/yhteystiedot\/\",\"name\":\"Yhteystiedot - Siivous Jyv\u00e4skyl\u00e4\",\"isPartOf\":{\"@id\":\"https:\/\/www.suopa.fi\/#website\"},\"primaryImageOfPage\":{\"@id\":\"https:\/\/www.suopa.fi\/index.php\/yhteystiedot\/#primaryimage\"},\"image\":{\"@id\":\"https:\/\/www.suopa.fi\/index.php\/yhteystiedot\/#primaryimage\"},\"thumbnailUrl\":\"https:\/\/www.suopa.fi\/wp-content\/uploads\/2025\/06\/Nimeton-malli13.png\",\"datePublished\":\"2024-12-03T21:17:48+00:00\",\"dateModified\":\"2025-08-11T18:30:00+00:00\",\"breadcrumb\":{\"@id\":\"https:\/\/www.suopa.fi\/index.php\/yhteystiedot\/#breadcrumb\"},\"inLanguage\":\"fi\",\"potentialAction\":[{\"@type\":\"ReadAction\",\"target\":[\"https:\/\/www.suopa.fi\/index.php\/yhteystiedot\/\"]}]},{\"@type\":\"ImageObject\",\"inLanguage\":\"fi\",\"@id\":\"https:\/\/www.suopa.fi\/index.php\/yhteystiedot\/#primaryimage\",\"url\":\"https:\/\/www.suopa.fi\/wp-content\/uploads\/2025\/06\/Nimeton-malli13.png\",\"contentUrl\":\"https:\/\/www.suopa.fi\/wp-content\/uploads\/2025\/06\/Nimeton-malli13.png\",\"width\":945,\"height\":531},{\"@type\":\"BreadcrumbList\",\"@id\":\"https:\/\/www.suopa.fi\/index.php\/yhteystiedot\/#breadcrumb\",\"itemListElement\":[{\"@type\":\"ListItem\",\"position\":1,\"name\":\"Etusivu\",\"item\":\"https:\/\/www.suopa.fi\/\"},{\"@type\":\"ListItem\",\"position\":2,\"name\":\"Yhteystiedot\"}]},{\"@type\":\"WebSite\",\"@id\":\"https:\/\/www.suopa.fi\/#website\",\"url\":\"https:\/\/www.suopa.fi\/\",\"name\":\"Siivous Jyv\u00e4skyl\u00e4\",\"description\":\"Se hyv\u00e4nsuopa siivouspalvelu\",\"publisher\":{\"@id\":\"https:\/\/www.suopa.fi\/#organization\"},\"potentialAction\":[{\"@type\":\"SearchAction\",\"target\":{\"@type\":\"EntryPoint\",\"urlTemplate\":\"https:\/\/www.suopa.fi\/?s={search_term_string}\"},\"query-input\":{\"@type\":\"PropertyValueSpecification\",\"valueRequired\":true,\"valueName\":\"search_term_string\"}}],\"inLanguage\":\"fi\"},{\"@type\":\"Organization\",\"@id\":\"https:\/\/www.suopa.fi\/#organization\",\"name\":\"Siivous Jyv\u00e4skyl\u00e4\",\"url\":\"https:\/\/www.suopa.fi\/\",\"logo\":{\"@type\":\"ImageObject\",\"inLanguage\":\"fi\",\"@id\":\"https:\/\/www.suopa.fi\/#\/schema\/logo\/image\/\",\"url\":\"https:\/\/www.suopa.fi\/wp-content\/uploads\/2024\/12\/suopa-oy-1000-x-500-px1-e1733258444571.png\",\"contentUrl\":\"https:\/\/www.suopa.fi\/wp-content\/uploads\/2024\/12\/suopa-oy-1000-x-500-px1-e1733258444571.png\",\"width\":227,\"height\":131,\"caption\":\"Siivous Jyv\u00e4skyl\u00e4\"},\"image\":{\"@id\":\"https:\/\/www.suopa.fi\/#\/schema\/logo\/image\/\"}}]}<\/script>\n<!-- \/ Yoast SEO plugin. -->","yoast_head_json":{"title":"Yhteystiedot - Siivous Jyv\u00e4skyl\u00e4","robots":{"index":"index","follow":"follow","max-snippet":"max-snippet:-1","max-image-preview":"max-image-preview:large","max-video-preview":"max-video-preview:-1"},"canonical":"https:\/\/www.suopa.fi\/index.php\/yhteystiedot\/","og_locale":"fi_FI","og_type":"article","og_title":"Yhteystiedot - Siivous Jyv\u00e4skyl\u00e4","og_description":"Yhteystiedot Vilma Suomala 0400 315658 Virvelikatu 3740270 PALOKKAY-tunnus: 3493249-8 info@suopa.fiwww.suopa.fi","og_url":"https:\/\/www.suopa.fi\/index.php\/yhteystiedot\/","og_site_name":"Siivous Jyv\u00e4skyl\u00e4","article_modified_time":"2025-08-11T18:30:00+00:00","og_image":[{"width":945,"height":531,"url":"https:\/\/www.suopa.fi\/wp-content\/uploads\/2025\/06\/Nimeton-malli13.png","type":"image\/png"}],"twitter_card":"summary_large_image","twitter_misc":{"Arvioitu lukuaika":"1 minuutti"},"schema":{"@context":"https:\/\/schema.org","@graph":[{"@type":"WebPage","@id":"https:\/\/www.suopa.fi\/index.php\/yhteystiedot\/","url":"https:\/\/www.suopa.fi\/index.php\/yhteystiedot\/","name":"Yhteystiedot - Siivous Jyv\u00e4skyl\u00e4","isPartOf":{"@id":"https:\/\/www.suopa.fi\/#website"},"primaryImageOfPage":{"@id":"https:\/\/www.suopa.fi\/index.php\/yhteystiedot\/#primaryimage"},"image":{"@id":"https:\/\/www.suopa.fi\/index.php\/yhteystiedot\/#primaryimage"},"thumbnailUrl":"https:\/\/www.suopa.fi\/wp-content\/uploads\/2025\/06\/Nimeton-malli13.png","datePublished":"2024-12-03T21:17:48+00:00","dateModified":"2025-08-11T18:30:00+00:00","breadcrumb":{"@id":"https:\/\/www.suopa.fi\/index.php\/yhteystiedot\/#breadcrumb"},"inLanguage":"fi","potentialAction":[{"@type":"ReadAction","target":["https:\/\/www.suopa.fi\/index.php\/yhteystiedot\/"]}]},{"@type":"ImageObject","inLanguage":"fi","@id":"https:\/\/www.suopa.fi\/index.php\/yhteystiedot\/#primaryimage","url":"https:\/\/www.suopa.fi\/wp-content\/uploads\/2025\/06\/Nimeton-malli13.png","contentUrl":"https:\/\/www.suopa.fi\/wp-content\/uploads\/2025\/06\/Nimeton-malli13.png","width":945,"height":531},{"@type":"BreadcrumbList","@id":"https:\/\/www.suopa.fi\/index.php\/yhteystiedot\/#breadcrumb","itemListElement":[{"@type":"ListItem","position":1,"name":"Etusivu","item":"https:\/\/www.suopa.fi\/"},{"@type":"ListItem","position":2,"name":"Yhteystiedot"}]},{"@type":"WebSite","@id":"https:\/\/www.suopa.fi\/#website","url":"https:\/\/www.suopa.fi\/","name":"Siivous Jyv\u00e4skyl\u00e4","description":"Se hyv\u00e4nsuopa siivouspalvelu","publisher":{"@id":"https:\/\/www.suopa.fi\/#organization"},"potentialAction":[{"@type":"SearchAction","target":{"@type":"EntryPoint","urlTemplate":"https:\/\/www.suopa.fi\/?s={search_term_string}"},"query-input":{"@type":"PropertyValueSpecification","valueRequired":true,"valueName":"search_term_string"}}],"inLanguage":"fi"},{"@type":"Organization","@id":"https:\/\/www.suopa.fi\/#organization","name":"Siivous Jyv\u00e4skyl\u00e4","url":"https:\/\/www.suopa.fi\/","logo":{"@type":"ImageObject","inLanguage":"fi","@id":"https:\/\/www.suopa.fi\/#\/schema\/logo\/image\/","url":"https:\/\/www.suopa.fi\/wp-content\/uploads\/2024\/12\/suopa-oy-1000-x-500-px1-e1733258444571.png","contentUrl":"https:\/\/www.suopa.fi\/wp-content\/uploads\/2024\/12\/suopa-oy-1000-x-500-px1-e1733258444571.png","width":227,"height":131,"caption":"Siivous Jyv\u00e4skyl\u00e4"},"image":{"@id":"https:\/\/www.suopa.fi\/#\/schema\/logo\/image\/"}}]}},"_links":{"self":[{"href":"https:\/\/www.suopa.fi\/index.php\/wp-json\/wp\/v2\/pages\/300","targetHints":{"allow":["GET"]}}],"collection":[{"href":"https:\/\/www.suopa.fi\/index.php\/wp-json\/wp\/v2\/pages"}],"about":[{"href":"https:\/\/www.suopa.fi\/index.php\/wp-json\/wp\/v2\/types\/page"}],"author":[{"embeddable":true,"href":"https:\/\/www.suopa.fi\/index.php\/wp-json\/wp\/v2\/users\/1"}],"replies":[{"embeddable":true,"href":"https:\/\/www.suopa.fi\/index.php\/wp-json\/wp\/v2\/comments?post=300"}],"version-history":[{"count":58,"href":"https:\/\/www.suopa.fi\/index.php\/wp-json\/wp\/v2\/pages\/300\/revisions"}],"predecessor-version":[{"id":1057,"href":"https:\/\/www.suopa.fi\/index.php\/wp-json\/wp\/v2\/pages\/300\/revisions\/1057"}],"wp:attachment":[{"href":"https:\/\/www.suopa.fi\/index.php\/wp-json\/wp\/v2\/media?parent=300"}],"curies":[{"name":"wp","href":"https:\/\/api.w.org\/{rel}","templated":true}]}}