{"id":772,"date":"2025-06-15T22:45:05","date_gmt":"2025-06-15T22:45:05","guid":{"rendered":"https:\/\/www.suopa.fi\/?page_id=772"},"modified":"2025-06-16T01:17:23","modified_gmt":"2025-06-16T01:17:23","slug":"hetki-yhdessa","status":"publish","type":"page","link":"https:\/\/www.suopa.fi\/index.php\/hetki-yhdessa\/","title":{"rendered":"Hetki yhdess\u00e4"},"content":{"rendered":"\t\t<div data-elementor-type=\"wp-page\" data-elementor-id=\"772\" class=\"elementor elementor-772\" data-elementor-post-type=\"page\">\n\t\t\t\t<div class=\"elementor-element elementor-element-39608f0 e-flex e-con-boxed e-con e-parent\" data-id=\"39608f0\" data-element_type=\"container\" data-e-type=\"container\">\n\t\t\t\t\t<div class=\"e-con-inner\">\n\t\t\t\t<div class=\"elementor-element elementor-element-e466deb elementor-widget elementor-widget-link-in-bio\" data-id=\"e466deb\" data-element_type=\"widget\" data-e-type=\"widget\" data-widget_type=\"link-in-bio.default\">\n\t\t\t\t<div class=\"elementor-widget-container\">\n\t\t\t\t\t\t\t<div class=\"e-link-in-bio e-link-in-bio\">\n\t\t\t<div class=\"e-link-in-bio__content\">\n\n\t\t\t\t\t\t<div class=\"e-link-in-bio__identity\">\n\t\t\t\t\t\t\t\t\t<div class=\"e-link-in-bio__identity-image e-link-in-bio__identity-image-cover\">\n\t\t\t\t\t\t\t<img fetchpriority=\"high\" decoding=\"async\" width=\"300\" height=\"169\" src=\"https:\/\/www.suopa.fi\/wp-content\/uploads\/2025\/06\/Nimeton-malli13-300x169.png\" class=\"e-link-in-bio__identity-image-element\" alt=\"\" srcset=\"https:\/\/www.suopa.fi\/wp-content\/uploads\/2025\/06\/Nimeton-malli13-300x169.png 300w, https:\/\/www.suopa.fi\/wp-content\/uploads\/2025\/06\/Nimeton-malli13-768x432.png 768w, https:\/\/www.suopa.fi\/wp-content\/uploads\/2025\/06\/Nimeton-malli13.png 945w\" sizes=\"(max-width: 300px) 100vw, 300px\" \/>\t\t\t\t\t\t\t\t\t\t\t\t\t<\/div>\n\t\t\t\t\t\t\t<\/div>\n\t\t\t\t\t<div class=\"e-link-in-bio__bio\">\n\t\t\t\t<h2 class=\"e-link-in-bio__heading\">HETKI yhdess\u00e4<\/h2>\t\t\t\t<h3 class=\"e-link-in-bio__title\">hyv\u00e4nsuopa hetki<\/h3>\t\t\t\t\t\t\t\t<p class=\"e-link-in-bio__description\">Joskus riitt\u00e4\u00e4, ett\u00e4 joku kuuntelee ja on l\u00e4sn\u00e4. Toisella kertaa on tarve hoitaa asioita, ja kolmannella kerralla tekee mieli liikkua. HETKI yhdess\u00e4 muovautuu asiakkaan tarpeiden mukaan eri hetkiss\u00e4. Ostaessasi hetken vanhemmallesi tai isovanhemmallesi voit hy\u00f6dynt\u00e4\u00e4 kotitalousv\u00e4hennyst\u00e4. Kotitalousv\u00e4hennyksen j\u00e4lkeen HETKI on 32,50\u202f\u20ac\/h (sis. alv), muuten 50\u202f\u20ac\/h (sis. alv).<\/p>\t\t\t<\/div>\n\t\t\t\t\t<div class=\"e-link-in-bio__icons has-size-medium\">\n\t\t\t\t\t\t\t<div class=\"e-link-in-bio__icon is-size-medium\">\n\t\t\t\t\t<a href=\"https:\/\/www.instagram.com\/suopaoy\/\" target=\"_blank\" rel=\"noopener \" aria-label=\"Instagram\" class=\"e-link-in-bio__icon-link\">\n\t\t\t\t\t\t<span class=\"e-link-in-bio__icon-svg\">\n\t\t\t\t\t\t\t<svg aria-hidden=\"true\" class=\"e-font-icon-svg e-fab-instagram\" viewBox=\"0 0 448 512\" xmlns=\"http:\/\/www.w3.org\/2000\/svg\"><path d=\"M224.1 141c-63.6 0-114.9 51.3-114.9 114.9s51.3 114.9 114.9 114.9S339 319.5 339 255.9 287.7 141 224.1 141zm0 189.6c-41.1 0-74.7-33.5-74.7-74.7s33.5-74.7 74.7-74.7 74.7 33.5 74.7 74.7-33.6 74.7-74.7 74.7zm146.4-194.3c0 14.9-12 26.8-26.8 26.8-14.9 0-26.8-12-26.8-26.8s12-26.8 26.8-26.8 26.8 12 26.8 26.8zm76.1 27.2c-1.7-35.9-9.9-67.7-36.2-93.9-26.2-26.2-58-34.4-93.9-36.2-37-2.1-147.9-2.1-184.9 0-35.8 1.7-67.6 9.9-93.9 36.1s-34.4 58-36.2 93.9c-2.1 37-2.1 147.9 0 184.9 1.7 35.9 9.9 67.7 36.2 93.9s58 34.4 93.9 36.2c37 2.1 147.9 2.1 184.9 0 35.9-1.7 67.7-9.9 93.9-36.2 26.2-26.2 34.4-58 36.2-93.9 2.1-37 2.1-147.8 0-184.8zM398.8 388c-7.8 19.6-22.9 34.7-42.6 42.6-29.5 11.7-99.5 9-132.1 9s-102.7 2.6-132.1-9c-19.6-7.8-34.7-22.9-42.6-42.6-11.7-29.5-9-99.5-9-132.1s-2.6-102.7 9-132.1c7.8-19.6 22.9-34.7 42.6-42.6 29.5-11.7 99.5-9 132.1-9s102.7-2.6 132.1 9c19.6 7.8 34.7 22.9 42.6 42.6 11.7 29.5 9 99.5 9 132.1s2.7 102.7-9 132.1z\"><\/path><\/svg>\t\t\t\t\t\t<\/span>\n\t\t\t\t\t\t\t\t\t\t\t<\/a>\n\t\t\t\t<\/div>\n\t\t\t\t\t\t\t<div class=\"e-link-in-bio__icon is-size-medium\">\n\t\t\t\t\t<a aria-label=\"WhatsApp\" class=\"e-link-in-bio__icon-link\" href=\"https:\/\/wa.me\/+358400315658\">\n\t\t\t\t\t\t<span class=\"e-link-in-bio__icon-svg\">\n\t\t\t\t\t\t\t<svg aria-hidden=\"true\" class=\"e-font-icon-svg e-fab-whatsapp\" viewBox=\"0 0 448 512\" xmlns=\"http:\/\/www.w3.org\/2000\/svg\"><path d=\"M380.9 97.1C339 55.1 283.2 32 223.9 32c-122.4 0-222 99.6-222 222 0 39.1 10.2 77.3 29.6 111L0 480l117.7-30.9c32.4 17.7 68.9 27 106.1 27h.1c122.3 0 224.1-99.6 224.1-222 0-59.3-25.2-115-67.1-157zm-157 341.6c-33.2 0-65.7-8.9-94-25.7l-6.7-4-69.8 18.3L72 359.2l-4.4-7c-18.5-29.4-28.2-63.3-28.2-98.2 0-101.7 82.8-184.5 184.6-184.5 49.3 0 95.6 19.2 130.4 54.1 34.8 34.9 56.2 81.2 56.1 130.5 0 101.8-84.9 184.6-186.6 184.6zm101.2-138.2c-5.5-2.8-32.8-16.2-37.9-18-5.1-1.9-8.8-2.8-12.5 2.8-3.7 5.6-14.3 18-17.6 21.8-3.2 3.7-6.5 4.2-12 1.4-32.6-16.3-54-29.1-75.5-66-5.7-9.8 5.7-9.1 16.3-30.3 1.8-3.7.9-6.9-.5-9.7-1.4-2.8-12.5-30.1-17.1-41.2-4.5-10.8-9.1-9.3-12.5-9.5-3.2-.2-6.9-.2-10.6-.2-3.7 0-9.7 1.4-14.8 6.9-5.1 5.6-19.4 19-19.4 46.3 0 27.3 19.9 53.7 22.6 57.4 2.8 3.7 39.1 59.7 94.8 83.8 35.2 15.2 49 16.5 66.6 13.9 10.7-1.6 32.8-13.4 37.4-26.4 4.6-13 4.6-24.1 3.2-26.4-1.3-2.5-5-3.9-10.5-6.6z\"><\/path><\/svg>\t\t\t\t\t\t<\/span>\n\t\t\t\t\t\t\t\t\t\t\t<\/a>\n\t\t\t\t<\/div>\n\t\t\t\t\t\t\t<div class=\"e-link-in-bio__icon is-size-medium\">\n\t\t\t\t\t<a aria-label=\"Email\" class=\"e-link-in-bio__icon-link\" href=\"mailto:info@suopa.fi\">\n\t\t\t\t\t\t<span class=\"e-link-in-bio__icon-svg\">\n\t\t\t\t\t\t\t<svg aria-hidden=\"true\" class=\"e-font-icon-svg e-fas-envelope\" viewBox=\"0 0 512 512\" xmlns=\"http:\/\/www.w3.org\/2000\/svg\"><path d=\"M502.3 190.8c3.9-3.1 9.7-.2 9.7 4.7V400c0 26.5-21.5 48-48 48H48c-26.5 0-48-21.5-48-48V195.6c0-5 5.7-7.8 9.7-4.7 22.4 17.4 52.1 39.5 154.1 113.6 21.1 15.4 56.7 47.8 92.2 47.6 35.7.3 72-32.8 92.3-47.6 102-74.1 131.6-96.3 154-113.7zM256 320c23.2.4 56.6-29.2 73.4-41.4 132.7-96.3 142.8-104.7 173.4-128.7 5.8-4.5 9.2-11.5 9.2-18.9v-19c0-26.5-21.5-48-48-48H48C21.5 64 0 85.5 0 112v19c0 7.4 3.4 14.3 9.2 18.9 30.6 23.9 40.7 32.4 173.4 128.7 16.8 12.2 50.2 41.8 73.4 41.4z\"><\/path><\/svg>\t\t\t\t\t\t<\/span>\n\t\t\t\t\t\t\t\t\t\t\t<\/a>\n\t\t\t\t<\/div>\n\t\t\t\t\t\t\t<div class=\"e-link-in-bio__icon is-size-medium\">\n\t\t\t\t\t<a aria-label=\"Telephone\" class=\"e-link-in-bio__icon-link\" href=\"tel:+358400315658\">\n\t\t\t\t\t\t<span class=\"e-link-in-bio__icon-svg\">\n\t\t\t\t\t\t\t<svg aria-hidden=\"true\" class=\"e-font-icon-svg e-fas-phone-alt\" viewBox=\"0 0 512 512\" xmlns=\"http:\/\/www.w3.org\/2000\/svg\"><path d=\"M497.39 361.8l-112-48a24 24 0 0 0-28 6.9l-49.6 60.6A370.66 370.66 0 0 1 130.6 204.11l60.6-49.6a23.94 23.94 0 0 0 6.9-28l-48-112A24.16 24.16 0 0 0 122.6.61l-104 24A24 24 0 0 0 0 48c0 256.5 207.9 464 464 464a24 24 0 0 0 23.4-18.6l24-104a24.29 24.29 0 0 0-14.01-27.6z\"><\/path><\/svg>\t\t\t\t\t\t<\/span>\n\t\t\t\t\t\t\t\t\t\t\t<\/a>\n\t\t\t\t<\/div>\n\t\t\t\t\t<\/div>\n\t\t\n\t\t<div class=\"e-link-in-bio__ctas has-type-button\">\n\t\t\t\t\t\t\t<a href=\"https:\/\/www.suopa.fi\/index.php\/hetki-yhdessa\" class=\"e-link-in-bio__cta is-type-button has-corners-rounded\">\n\t\t\t\t\t\t\t\t\t\t<span class=\"e-link-in-bio__cta-text\">\n\t\t\t\t\t\tHETKI yhdess\u00e4\t\t\t\t\t<\/span>\n\t\t\t\t<\/a>\n\t\t\t\t\t\t\t<a href=\"https:\/\/www.suopa.fi\/index.php\/hetki-musisoiden\" class=\"e-link-in-bio__cta is-type-button has-corners-rounded\">\n\t\t\t\t\t\t\t\t\t\t<span class=\"e-link-in-bio__cta-text\">\n\t\t\t\t\t\tHETKI  musisoiden\t\t\t\t\t<\/span>\n\t\t\t\t<\/a>\n\t\t\t\t\t\t\t<a href=\"https:\/\/www.suopa.fi\/index.php\/hetki-asioiden-hoitoon\" class=\"e-link-in-bio__cta is-type-button has-corners-rounded\">\n\t\t\t\t\t\t\t\t\t\t<span class=\"e-link-in-bio__cta-text\">\n\t\t\t\t\t\tHETKI  asioiden hoitoon\t\t\t\t\t<\/span>\n\t\t\t\t<\/a>\n\t\t\t\t\t\t\t<a href=\"https:\/\/www.suopa.fi\/index.php\/hetki-liikunnalle\" class=\"e-link-in-bio__cta is-type-button has-corners-rounded\">\n\t\t\t\t\t\t\t\t\t\t<span class=\"e-link-in-bio__cta-text\">\n\t\t\t\t\t\tHETKI liikunnalle\t\t\t\t\t<\/span>\n\t\t\t\t<\/a>\n\t\t\t\t\t\t\t<a href=\"https:\/\/www.suopa.fi\/index.php\/hetki-pihatoille\" class=\"e-link-in-bio__cta is-type-button has-corners-rounded\">\n\t\t\t\t\t\t\t\t\t\t<span class=\"e-link-in-bio__cta-text\">\n\t\t\t\t\t\tHETKI pihat\u00f6ille\t\t\t\t\t<\/span>\n\t\t\t\t<\/a>\n\t\t\t\t\t\t\t<a href=\"https:\/\/www.suopa.fi\/index.php\/hetki-kaupoilla\/\" class=\"e-link-in-bio__cta is-type-button has-corners-rounded\">\n\t\t\t\t\t\t\t\t\t\t<span class=\"e-link-in-bio__cta-text\">\n\t\t\t\t\t\tHETKI kaupoilla\t\t\t\t\t<\/span>\n\t\t\t\t<\/a>\n\t\t\t\t\t\t\t<a href=\"https:\/\/www.suopa.fi\/index.php\/hetki-ruoanlaitolle\" class=\"e-link-in-bio__cta is-type-button has-corners-rounded\">\n\t\t\t\t\t\t\t\t\t\t<span class=\"e-link-in-bio__cta-text\">\n\t\t\t\t\t\tHETKI  ruoanlaitolle\t\t\t\t\t<\/span>\n\t\t\t\t<\/a>\n\t\t\t\t\t\t\t<a href=\"https:\/\/www.suopa.fi\/index.php\/hetki-vaatehuollolle\" class=\"e-link-in-bio__cta is-type-button has-corners-rounded\">\n\t\t\t\t\t\t\t\t\t\t<span class=\"e-link-in-bio__cta-text\">\n\t\t\t\t\t\tHETKI vaatehuollolle\t\t\t\t\t<\/span>\n\t\t\t\t<\/a>\n\t\t\t\t\t\t\t<a href=\"https:\/\/www.suopa.fi\/index.php\/hetki-jarjestelylle\" class=\"e-link-in-bio__cta is-type-button has-corners-rounded\">\n\t\t\t\t\t\t\t\t\t\t<span class=\"e-link-in-bio__cta-text\">\n\t\t\t\t\t\tHETKI j\u00e4rjestelylle\t\t\t\t\t<\/span>\n\t\t\t\t<\/a>\n\t\t\t\t\t\t\t<a href=\"https:\/\/www.suopa.fi\/index.php\/hetki-siivoukselle\/\" class=\"e-link-in-bio__cta is-type-button has-corners-rounded\">\n\t\t\t\t\t\t\t\t\t\t<span class=\"e-link-in-bio__cta-text\">\n\t\t\t\t\t\tHETKI siivoukselle\t\t\t\t\t<\/span>\n\t\t\t\t<\/a>\n\t\t\t\t\t<\/div>\n\t\t\n\t\t\t<\/div>\n\t\t\t<div class=\"e-link-in-bio__bg\">\n\t\t\t\t<div class=\"e-link-in-bio__bg-overlay\"><\/div>\n\t\t\t<\/div>\n\t\t<\/div>\n\t\t\t\t\t\t<\/div>\n\t\t\t\t<\/div>\n\t\t\t\t\t<\/div>\n\t\t\t\t<\/div>\n\t\t\t\t<\/div>\n\t\t","protected":false},"excerpt":{"rendered":"<p>HETKI yhdess\u00e4 hyv\u00e4nsuopa hetki Joskus riitt\u00e4\u00e4, ett\u00e4 joku kuuntelee ja on l\u00e4sn\u00e4. Toisella kertaa on tarve hoitaa asioita, ja kolmannella kerralla tekee mieli liikkua. HETKI yhdess\u00e4 muovautuu asiakkaan tarpeiden mukaan eri hetkiss\u00e4. Ostaessasi hetken vanhemmallesi tai isovanhemmallesi voit hy\u00f6dynt\u00e4\u00e4 kotitalousv\u00e4hennyst\u00e4. Kotitalousv\u00e4hennyksen j\u00e4lkeen HETKI on 32,50\u202f\u20ac\/h (sis. alv), muuten 50\u202f\u20ac\/h (sis. alv). HETKI yhdess\u00e4 HETKI musisoiden [&hellip;]<\/p>\n","protected":false},"author":1,"featured_media":0,"parent":0,"menu_order":0,"comment_status":"closed","ping_status":"closed","template":"","meta":{"footnotes":""},"class_list":["post-772","page","type-page","status-publish","hentry"],"yoast_head":"<!-- This site is optimized with the Yoast SEO plugin v27.2 - https:\/\/yoast.com\/product\/yoast-seo-wordpress\/ -->\n<title>Hetki yhdess\u00e4 - Siivous Jyv\u00e4skyl\u00e4<\/title>\n<meta name=\"robots\" content=\"index, follow, max-snippet:-1, max-image-preview:large, max-video-preview:-1\" \/>\n<link rel=\"canonical\" href=\"https:\/\/www.suopa.fi\/index.php\/hetki-yhdessa\/\" \/>\n<meta property=\"og:locale\" content=\"fi_FI\" \/>\n<meta property=\"og:type\" content=\"article\" \/>\n<meta property=\"og:title\" content=\"Hetki yhdess\u00e4 - Siivous Jyv\u00e4skyl\u00e4\" \/>\n<meta property=\"og:description\" content=\"HETKI yhdess\u00e4 hyv\u00e4nsuopa hetki Joskus riitt\u00e4\u00e4, ett\u00e4 joku kuuntelee ja on l\u00e4sn\u00e4. Toisella kertaa on tarve hoitaa asioita, ja kolmannella kerralla tekee mieli liikkua. HETKI yhdess\u00e4 muovautuu asiakkaan tarpeiden mukaan eri hetkiss\u00e4. Ostaessasi hetken vanhemmallesi tai isovanhemmallesi voit hy\u00f6dynt\u00e4\u00e4 kotitalousv\u00e4hennyst\u00e4. Kotitalousv\u00e4hennyksen j\u00e4lkeen HETKI on 32,50\u202f\u20ac\/h (sis. alv), muuten 50\u202f\u20ac\/h (sis. alv). HETKI yhdess\u00e4 HETKI musisoiden [&hellip;]\" \/>\n<meta property=\"og:url\" content=\"https:\/\/www.suopa.fi\/index.php\/hetki-yhdessa\/\" \/>\n<meta property=\"og:site_name\" content=\"Siivous Jyv\u00e4skyl\u00e4\" \/>\n<meta property=\"article:modified_time\" content=\"2025-06-16T01:17:23+00:00\" \/>\n<meta property=\"og:image\" content=\"https:\/\/www.suopa.fi\/wp-content\/uploads\/2025\/06\/Nimeton-malli13-300x169.png\" \/>\n<meta name=\"twitter:card\" content=\"summary_large_image\" \/>\n<meta name=\"twitter:label1\" content=\"Arvioitu lukuaika\" \/>\n\t<meta name=\"twitter:data1\" content=\"1 minuutti\" \/>\n<script type=\"application\/ld+json\" class=\"yoast-schema-graph\">{\"@context\":\"https:\/\/schema.org\",\"@graph\":[{\"@type\":\"WebPage\",\"@id\":\"https:\/\/www.suopa.fi\/index.php\/hetki-yhdessa\/\",\"url\":\"https:\/\/www.suopa.fi\/index.php\/hetki-yhdessa\/\",\"name\":\"Hetki yhdess\u00e4 - Siivous Jyv\u00e4skyl\u00e4\",\"isPartOf\":{\"@id\":\"https:\/\/www.suopa.fi\/#website\"},\"primaryImageOfPage\":{\"@id\":\"https:\/\/www.suopa.fi\/index.php\/hetki-yhdessa\/#primaryimage\"},\"image\":{\"@id\":\"https:\/\/www.suopa.fi\/index.php\/hetki-yhdessa\/#primaryimage\"},\"thumbnailUrl\":\"https:\/\/www.suopa.fi\/wp-content\/uploads\/2025\/06\/Nimeton-malli13-300x169.png\",\"datePublished\":\"2025-06-15T22:45:05+00:00\",\"dateModified\":\"2025-06-16T01:17:23+00:00\",\"breadcrumb\":{\"@id\":\"https:\/\/www.suopa.fi\/index.php\/hetki-yhdessa\/#breadcrumb\"},\"inLanguage\":\"fi\",\"potentialAction\":[{\"@type\":\"ReadAction\",\"target\":[\"https:\/\/www.suopa.fi\/index.php\/hetki-yhdessa\/\"]}]},{\"@type\":\"ImageObject\",\"inLanguage\":\"fi\",\"@id\":\"https:\/\/www.suopa.fi\/index.php\/hetki-yhdessa\/#primaryimage\",\"url\":\"https:\/\/www.suopa.fi\/wp-content\/uploads\/2025\/06\/Nimeton-malli13.png\",\"contentUrl\":\"https:\/\/www.suopa.fi\/wp-content\/uploads\/2025\/06\/Nimeton-malli13.png\",\"width\":945,\"height\":531},{\"@type\":\"BreadcrumbList\",\"@id\":\"https:\/\/www.suopa.fi\/index.php\/hetki-yhdessa\/#breadcrumb\",\"itemListElement\":[{\"@type\":\"ListItem\",\"position\":1,\"name\":\"Etusivu\",\"item\":\"https:\/\/www.suopa.fi\/\"},{\"@type\":\"ListItem\",\"position\":2,\"name\":\"Hetki yhdess\u00e4\"}]},{\"@type\":\"WebSite\",\"@id\":\"https:\/\/www.suopa.fi\/#website\",\"url\":\"https:\/\/www.suopa.fi\/\",\"name\":\"Siivous Jyv\u00e4skyl\u00e4\",\"description\":\"Se hyv\u00e4nsuopa siivouspalvelu\",\"publisher\":{\"@id\":\"https:\/\/www.suopa.fi\/#organization\"},\"potentialAction\":[{\"@type\":\"SearchAction\",\"target\":{\"@type\":\"EntryPoint\",\"urlTemplate\":\"https:\/\/www.suopa.fi\/?s={search_term_string}\"},\"query-input\":{\"@type\":\"PropertyValueSpecification\",\"valueRequired\":true,\"valueName\":\"search_term_string\"}}],\"inLanguage\":\"fi\"},{\"@type\":\"Organization\",\"@id\":\"https:\/\/www.suopa.fi\/#organization\",\"name\":\"Siivous Jyv\u00e4skyl\u00e4\",\"url\":\"https:\/\/www.suopa.fi\/\",\"logo\":{\"@type\":\"ImageObject\",\"inLanguage\":\"fi\",\"@id\":\"https:\/\/www.suopa.fi\/#\/schema\/logo\/image\/\",\"url\":\"https:\/\/www.suopa.fi\/wp-content\/uploads\/2024\/12\/suopa-oy-1000-x-500-px1-e1733258444571.png\",\"contentUrl\":\"https:\/\/www.suopa.fi\/wp-content\/uploads\/2024\/12\/suopa-oy-1000-x-500-px1-e1733258444571.png\",\"width\":227,\"height\":131,\"caption\":\"Siivous Jyv\u00e4skyl\u00e4\"},\"image\":{\"@id\":\"https:\/\/www.suopa.fi\/#\/schema\/logo\/image\/\"}}]}<\/script>\n<!-- \/ Yoast SEO plugin. -->","yoast_head_json":{"title":"Hetki yhdess\u00e4 - Siivous Jyv\u00e4skyl\u00e4","robots":{"index":"index","follow":"follow","max-snippet":"max-snippet:-1","max-image-preview":"max-image-preview:large","max-video-preview":"max-video-preview:-1"},"canonical":"https:\/\/www.suopa.fi\/index.php\/hetki-yhdessa\/","og_locale":"fi_FI","og_type":"article","og_title":"Hetki yhdess\u00e4 - Siivous Jyv\u00e4skyl\u00e4","og_description":"HETKI yhdess\u00e4 hyv\u00e4nsuopa hetki Joskus riitt\u00e4\u00e4, ett\u00e4 joku kuuntelee ja on l\u00e4sn\u00e4. Toisella kertaa on tarve hoitaa asioita, ja kolmannella kerralla tekee mieli liikkua. HETKI yhdess\u00e4 muovautuu asiakkaan tarpeiden mukaan eri hetkiss\u00e4. Ostaessasi hetken vanhemmallesi tai isovanhemmallesi voit hy\u00f6dynt\u00e4\u00e4 kotitalousv\u00e4hennyst\u00e4. Kotitalousv\u00e4hennyksen j\u00e4lkeen HETKI on 32,50\u202f\u20ac\/h (sis. alv), muuten 50\u202f\u20ac\/h (sis. alv). HETKI yhdess\u00e4 HETKI musisoiden [&hellip;]","og_url":"https:\/\/www.suopa.fi\/index.php\/hetki-yhdessa\/","og_site_name":"Siivous Jyv\u00e4skyl\u00e4","article_modified_time":"2025-06-16T01:17:23+00:00","og_image":[{"url":"https:\/\/www.suopa.fi\/wp-content\/uploads\/2025\/06\/Nimeton-malli13-300x169.png","type":"","width":"","height":""}],"twitter_card":"summary_large_image","twitter_misc":{"Arvioitu lukuaika":"1 minuutti"},"schema":{"@context":"https:\/\/schema.org","@graph":[{"@type":"WebPage","@id":"https:\/\/www.suopa.fi\/index.php\/hetki-yhdessa\/","url":"https:\/\/www.suopa.fi\/index.php\/hetki-yhdessa\/","name":"Hetki yhdess\u00e4 - Siivous Jyv\u00e4skyl\u00e4","isPartOf":{"@id":"https:\/\/www.suopa.fi\/#website"},"primaryImageOfPage":{"@id":"https:\/\/www.suopa.fi\/index.php\/hetki-yhdessa\/#primaryimage"},"image":{"@id":"https:\/\/www.suopa.fi\/index.php\/hetki-yhdessa\/#primaryimage"},"thumbnailUrl":"https:\/\/www.suopa.fi\/wp-content\/uploads\/2025\/06\/Nimeton-malli13-300x169.png","datePublished":"2025-06-15T22:45:05+00:00","dateModified":"2025-06-16T01:17:23+00:00","breadcrumb":{"@id":"https:\/\/www.suopa.fi\/index.php\/hetki-yhdessa\/#breadcrumb"},"inLanguage":"fi","potentialAction":[{"@type":"ReadAction","target":["https:\/\/www.suopa.fi\/index.php\/hetki-yhdessa\/"]}]},{"@type":"ImageObject","inLanguage":"fi","@id":"https:\/\/www.suopa.fi\/index.php\/hetki-yhdessa\/#primaryimage","url":"https:\/\/www.suopa.fi\/wp-content\/uploads\/2025\/06\/Nimeton-malli13.png","contentUrl":"https:\/\/www.suopa.fi\/wp-content\/uploads\/2025\/06\/Nimeton-malli13.png","width":945,"height":531},{"@type":"BreadcrumbList","@id":"https:\/\/www.suopa.fi\/index.php\/hetki-yhdessa\/#breadcrumb","itemListElement":[{"@type":"ListItem","position":1,"name":"Etusivu","item":"https:\/\/www.suopa.fi\/"},{"@type":"ListItem","position":2,"name":"Hetki yhdess\u00e4"}]},{"@type":"WebSite","@id":"https:\/\/www.suopa.fi\/#website","url":"https:\/\/www.suopa.fi\/","name":"Siivous Jyv\u00e4skyl\u00e4","description":"Se hyv\u00e4nsuopa siivouspalvelu","publisher":{"@id":"https:\/\/www.suopa.fi\/#organization"},"potentialAction":[{"@type":"SearchAction","target":{"@type":"EntryPoint","urlTemplate":"https:\/\/www.suopa.fi\/?s={search_term_string}"},"query-input":{"@type":"PropertyValueSpecification","valueRequired":true,"valueName":"search_term_string"}}],"inLanguage":"fi"},{"@type":"Organization","@id":"https:\/\/www.suopa.fi\/#organization","name":"Siivous Jyv\u00e4skyl\u00e4","url":"https:\/\/www.suopa.fi\/","logo":{"@type":"ImageObject","inLanguage":"fi","@id":"https:\/\/www.suopa.fi\/#\/schema\/logo\/image\/","url":"https:\/\/www.suopa.fi\/wp-content\/uploads\/2024\/12\/suopa-oy-1000-x-500-px1-e1733258444571.png","contentUrl":"https:\/\/www.suopa.fi\/wp-content\/uploads\/2024\/12\/suopa-oy-1000-x-500-px1-e1733258444571.png","width":227,"height":131,"caption":"Siivous Jyv\u00e4skyl\u00e4"},"image":{"@id":"https:\/\/www.suopa.fi\/#\/schema\/logo\/image\/"}}]}},"_links":{"self":[{"href":"https:\/\/www.suopa.fi\/index.php\/wp-json\/wp\/v2\/pages\/772","targetHints":{"allow":["GET"]}}],"collection":[{"href":"https:\/\/www.suopa.fi\/index.php\/wp-json\/wp\/v2\/pages"}],"about":[{"href":"https:\/\/www.suopa.fi\/index.php\/wp-json\/wp\/v2\/types\/page"}],"author":[{"embeddable":true,"href":"https:\/\/www.suopa.fi\/index.php\/wp-json\/wp\/v2\/users\/1"}],"replies":[{"embeddable":true,"href":"https:\/\/www.suopa.fi\/index.php\/wp-json\/wp\/v2\/comments?post=772"}],"version-history":[{"count":22,"href":"https:\/\/www.suopa.fi\/index.php\/wp-json\/wp\/v2\/pages\/772\/revisions"}],"predecessor-version":[{"id":996,"href":"https:\/\/www.suopa.fi\/index.php\/wp-json\/wp\/v2\/pages\/772\/revisions\/996"}],"wp:attachment":[{"href":"https:\/\/www.suopa.fi\/index.php\/wp-json\/wp\/v2\/media?parent=772"}],"curies":[{"name":"wp","href":"https:\/\/api.w.org\/{rel}","templated":true}]}}